{"id":73685,"date":"2022-12-23T16:18:12","date_gmt":"2022-12-23T14:18:12","guid":{"rendered":"https:\/\/www.tatanka.nl\/?post_type=product&#038;p=73685"},"modified":"2025-07-08T10:17:50","modified_gmt":"2025-07-08T09:17:50","slug":"cbd-cannabis-leaves","status":"publish","type":"product","link":"https:\/\/www.tatanka.nl\/pt\/cbd-cannabis-leaves\/","title":{"rendered":"Folhas de can\u00e1bis CBD"},"content":{"rendered":"<h2>O que s\u00e3o folhas de can\u00e1bis CBD Cannabis?<\/h2>\n<p>CBD Cannabis Leaves Cannabis s\u00e3o deliciosas gomas em forma de folha da Dr. Candy, cada uma infundida com 10 mg de canabidiol (CBD) extra\u00eddo da planta do c\u00e2nhamo. Estas gomas sem THC proporcionam benef\u00edcios calmantes e potencialmente anti-inflamat\u00f3rios, promovendo o relaxamento e a clareza mental sem efeitos psicoactivos. Com um sabor \u00fanico a can\u00e1bis, as CBD Cannabis Leaves Cannabis oferecem uma forma saborosa de desfrutar das propriedades de bem-estar do CBD, perfeitas para consumir entre as refei\u00e7\u00f5es. Repletas de compostos de c\u00e2nhamo de espetro total, como CBN, CBG e CBC, apoiam o sono, o al\u00edvio da dor e os efeitos antibacterianos. Ideais para adultos que procuram aliviar o stress ou aumentar o bem-estar, as Folhas de Cannabis CBD proporcionam uma alternativa natural e agrad\u00e1vel aos \u00f3leos CBD. F\u00e1ceis de integrar nas rotinas di\u00e1rias, estas gomas produzem efeitos calmantes em 30-60 minutos, o que as torna adequadas para qualquer altura ou lugar. Comece com uma ou duas gomas por dia para aumentar os n\u00edveis de CBD e saboreie os seus benef\u00edcios num formato divertido e saboroso. As folhas de can\u00e1bis CBD Cannabis combinam bem-estar com indulg\u00eancia, oferecendo uma forma deliciosa e eficaz de aumentar o equil\u00edbrio e reduzir a ansiedade, o que as torna a escolha perfeita para um suplemento natural e orientado para a sa\u00fade.<\/p>\n<h2>Como utilizar as folhas de can\u00e1bis CBD Cannabis<\/h2>\n<p>Utilizar CBD Cannabis Leaves Cannabis \u00e9 uma forma simples e agrad\u00e1vel de integrar o CBD na sua rotina de bem-estar. Comece com uma ou duas gomas por dia durante a primeira semana para aumentar os n\u00edveis de CBD no seu sistema, permitindo que o corpo estabele\u00e7a uma linha de base para os seus efeitos calmantes. Mastigue as gomas lentamente, saboreando o seu distinto sabor a can\u00e1bis, para maximizar a absor\u00e7\u00e3o. Espere efeitos como a redu\u00e7\u00e3o do stress ou o aumento da concentra\u00e7\u00e3o dentro de 30-60 minutos, que duram v\u00e1rias horas. N\u00e3o exceda 100 mg de CBD por dia para garantir a seguran\u00e7a. Consumir num ambiente confort\u00e1vel, como entre as refei\u00e7\u00f5es ou durante um momento de relaxamento, para apreciar plenamente as suas propriedades calmantes. As gomas s\u00e3o port\u00e1teis, o que as torna ideais para utilizar em casa, no trabalho ou em viagem. Armazenar as folhas de can\u00e1bis CBD num local fresco e escuro, como um arm\u00e1rio de cozinha, para manter a sua qualidade. Evite combinar com \u00e1lcool, medicamentos ou outros estimulantes para uma experi\u00eancia suave. Este m\u00e9todo f\u00e1cil faz com que as gomas sejam uma adi\u00e7\u00e3o agrad\u00e1vel a qualquer rotina, oferecendo uma forma saborosa e natural de apoiar o relaxamento e o equil\u00edbrio com um esfor\u00e7o m\u00ednimo, perfeito para melhorar o seu dia com bem-estar e sabor.<\/p>\n<h2>Ingredientes das folhas de can\u00e1bis CBD Cannabis<\/h2>\n<p>As CBD Cannabis Leaves Cannabis cont\u00eam uma mistura de ingredientes cuidadosamente elaborada: 10 mg de CBD, glucose, a\u00e7\u00facar, corante natural, gelatina e \u00e1cido c\u00edtrico. O CBD, extra\u00eddo da planta do c\u00e2nhamo, proporciona propriedades calmantes e potencialmente anti-inflamat\u00f3rias, apoiando o al\u00edvio do stress e o bem-estar sem efeitos psicoactivos. Os compostos de c\u00e2nhamo de espetro total, como o CBN (para apoiar o sono), o CBG (com propriedades antibacterianas) e o CBC (para o al\u00edvio da dor) aumentam os benef\u00edcios das gomas. A glucose e o a\u00e7\u00facar proporcionam do\u00e7ura, enquanto o corante natural acrescenta um sabor vibrante a can\u00e1bis. A gelatina cria a textura mastig\u00e1vel das gomas e o \u00e1cido c\u00edtrico contribui com um toque subtil, equilibrando o perfil de sabor. Sem THC nem aditivos sint\u00e9ticos, o CBD Cannabis Leaves Cannabis assegura um suplemento puro, \u00e0 base de plantas, que se alinha com os princ\u00edpios de bem-estar natural. Cada ingrediente \u00e9 selecionado pela sua qualidade e consist\u00eancia, proporcionando uma experi\u00eancia fi\u00e1vel e agrad\u00e1vel. Conservar num local fresco e escuro para preservar a pot\u00eancia. Esta formula\u00e7\u00e3o cuidadosa distingue o CBD Cannabis Leaves Cannabis como uma escolha deliciosa e eficaz para adultos que procuram uma forma natural de reduzir a ansiedade e melhorar o equil\u00edbrio, combinando os benef\u00edcios terap\u00eauticos do CBD com a divers\u00e3o das gomas para uma experi\u00eancia de bem-estar deliciosa.<\/p>\n<p><strong>Aviso<\/strong><br \/>\nManter fora do alcance das crian\u00e7as. N\u00e3o \u00e9 adequado para mulheres gr\u00e1vidas ou crian\u00e7as. N\u00e3o utilizar se tiver tens\u00e3o arterial alta ou baixa, problemas card\u00edacos ou pulmonares, diabetes, ou se estiver a tomar medicamentos, drogas ou \u00e1lcool.<\/p>","protected":false},"excerpt":{"rendered":"<p dir=\"auto\">CBD Cannabis Leaves Cannabis, gomas saborosas da Dr. Candy, cont\u00eam 10 mg de CBD por pe\u00e7a com um sabor distinto a can\u00e1bis. Estas guloseimas sem THC promovem o relaxamento e o bem-estar, oferecendo uma forma natural e deliciosa de reduzir o stress e apoiar a sa\u00fade.<\/p>","protected":false},"featured_media":73712,"template":"","meta":[],"product_brand":[],"product_cat":[605,297,611],"product_tag":[],"class_list":{"0":"post-73685","1":"product","2":"type-product","3":"status-publish","4":"has-post-thumbnail","6":"product_cat-dr-candy","7":"product_cat-all-products","8":"product_cat-edibles","10":"first","11":"instock","12":"taxable","13":"shipping-taxable","14":"purchasable","15":"product-type-variable","16":"has-default-attributes"},"_links":{"self":[{"href":"https:\/\/www.tatanka.nl\/pt\/wp-json\/wp\/v2\/product\/73685","targetHints":{"allow":["GET"]}}],"collection":[{"href":"https:\/\/www.tatanka.nl\/pt\/wp-json\/wp\/v2\/product"}],"about":[{"href":"https:\/\/www.tatanka.nl\/pt\/wp-json\/wp\/v2\/types\/product"}],"wp:featuredmedia":[{"embeddable":true,"href":"https:\/\/www.tatanka.nl\/pt\/wp-json\/wp\/v2\/media\/73712"}],"wp:attachment":[{"href":"https:\/\/www.tatanka.nl\/pt\/wp-json\/wp\/v2\/media?parent=73685"}],"wp:term":[{"taxonomy":"product_brand","embeddable":true,"href":"https:\/\/www.tatanka.nl\/pt\/wp-json\/wp\/v2\/product_brand?post=73685"},{"taxonomy":"product_cat","embeddable":true,"href":"https:\/\/www.tatanka.nl\/pt\/wp-json\/wp\/v2\/product_cat?post=73685"},{"taxonomy":"product_tag","embeddable":true,"href":"https:\/\/www.tatanka.nl\/pt\/wp-json\/wp\/v2\/product_tag?post=73685"}],"curies":[{"name":"wp","href":"https:\/\/api.w.org\/{rel}","templated":true}]}}