{"id":8349,"date":"2017-12-29T15:44:12","date_gmt":"2017-12-29T15:44:12","guid":{"rendered":"http:\/\/www.tatanka.nl\/?post_type=product&#038;p=8349"},"modified":"2025-05-20T11:01:24","modified_gmt":"2025-05-20T10:01:24","slug":"absinthe-60-capsules","status":"publish","type":"product","link":"https:\/\/www.tatanka.nl\/pt\/absinthe-60-capsules\/","title":{"rendered":"Absinto Capsules"},"content":{"rendered":"<h2>O que \u00e9 o Absinto?<\/h2>\n<p>O absinto, derivado da planta Artemisia Absinthium, \u00e9 uma erva com um significado hist\u00f3rico rico e m\u00faltiplas utiliza\u00e7\u00f5es. Conhecida pelo seu sabor amargo carater\u00edstico, esta erva \u00e9 principalmente reconhecida como um ingrediente da famosa bebida alco\u00f3lica, o absinto. No entanto, as suas utiliza\u00e7\u00f5es v\u00e3o muito para al\u00e9m desta famosa bebida. A planta, que pode crescer at\u00e9 120 cm de altura, tem folhas acinzentadas e flores amarelas durante a flora\u00e7\u00e3o. Historicamente, tem sido creditada com v\u00e1rios benef\u00edcios para a sa\u00fade, tais como melhorar a digest\u00e3o, estimular o apetite e promover o relaxamento. O absinto tem sido venerado em todas as culturas pelas suas propriedades medicinais, particularmente para problemas digestivos. \u00c9 tamb\u00e9m conhecido pelos seus efeitos criativos e de altera\u00e7\u00e3o da mente, raz\u00e3o pela qual se tornou popular entre artistas como Vincent van Gogh. Hoje em dia, \u00e9 aceite pelos seus benef\u00edcios hol\u00edsticos e est\u00e1 a ganhar popularidade mais uma vez como suplemento natural.<\/p>\n<h2>Hist\u00f3ria do absinto<\/h2>\n<p>A hist\u00f3ria do absinto remonta \u00e0s civiliza\u00e7\u00f5es antigas. Os gregos e os romanos acreditavam que a Artemisia Absinthium podia melhorar a sa\u00fade e a vitalidade. Era utilizada como medida preventiva contra dores e infec\u00e7\u00f5es nos p\u00e9s, sendo que os viajantes a colocavam frequentemente nos sapatos durante as longas viagens. Pensava-se que a erva tinha propriedades medicinais que ajudavam a manter o bem-estar geral. Nos tempos mais modernos, a liga\u00e7\u00e3o do Absinto \u00e0 infame bebida alco\u00f3lica cimentou o seu lugar na cultura pop, especialmente durante o s\u00e9culo XIX. Artistas famosos, incluindo Pablo Picasso e Van Gogh, eram conhecidos por consumir absinto pelas suas supostas propriedades estimulantes e alucinog\u00e9nias. Durante algum tempo, o absinto foi proibido devido a preocupa\u00e7\u00f5es com a sua alegada toxicidade, particularmente devido \u00e0 presen\u00e7a de tujona, um composto qu\u00edmico. No entanto, a proibi\u00e7\u00e3o foi levantada mais tarde, e a planta \u00e9 atualmente considerada mais pelos seus benef\u00edcios para a sa\u00fade do que pela sua reputa\u00e7\u00e3o negativa. A longa hist\u00f3ria da erva reflecte as suas utiliza\u00e7\u00f5es multidimensionais e o fasc\u00ednio que continua a inspirar.<\/p>\n<h2>Como utilizar o absinto<\/h2>\n<p>Usar Absinto \u00e9 simples, mas requer cuidado. Normalmente, as ervas de absinto s\u00e3o consumidas em pequenas doses, com uma dosagem recomendada de um grama por dia. A erva de sabor amargo pode ser preparada como ch\u00e1 ou consumida noutras formas, como c\u00e1psulas ou tinturas. \u00c9 aconselh\u00e1vel utilizar o absinto com modera\u00e7\u00e3o, uma vez que os seus efeitos podem variar consoante o indiv\u00edduo. Quando consumido, o absinto ajuda a estimular a digest\u00e3o, promove o apetite e proporciona uma sensa\u00e7\u00e3o calmante e relaxante. Devido ao seu potencial para induzir efeitos alucinat\u00f3rios, \u00e9 essencial evitar o uso de absinto com \u00e1lcool ou outras subst\u00e2ncias que alteram a mente, a menos que esteja familiarizado com os seus efeitos. Para relaxar ou aumentar a criatividade, o absinto pode ser tomado no final de um longo dia ou em momentos de stress. No entanto, \u00e9 crucial evitar o uso regular e abster-se de actividades como a condu\u00e7\u00e3o sob a influ\u00eancia do Absinto. Siga sempre a dose recomendada e tenha em aten\u00e7\u00e3o a rea\u00e7\u00e3o do seu corpo.<\/p>\n<h2>Ingredientes do absinto<\/h2>\n<p>O ingrediente principal do Absinto Indian Elements' \u00e9 a Artemisia Absinthium, vulgarmente conhecida como Alsemkruid ou Absinto. Esta planta \u00e9 utilizada h\u00e1 s\u00e9culos devido \u00e0s suas propriedades medicinais. Cont\u00e9m uma s\u00e9rie de compostos, incluindo subst\u00e2ncias amargas que estimulam o sistema digestivo, promovem o apetite e apoiam a sa\u00fade gastrointestinal em geral. Al\u00e9m disso, o absinto cont\u00e9m tujona, um composto que se pensava ser t\u00f3xico, mas que agora se sabe que desempenha um papel nos efeitos psicoactivos da erva. Embora a erva seja mais famosa pela sua associa\u00e7\u00e3o com o \u00e1lcool Absinto, os seus benef\u00edcios para a sa\u00fade s\u00e3o amplamente reconhecidos. Os compostos amargos do absinto s\u00e3o respons\u00e1veis pelos seus efeitos calmantes e relaxantes, e t\u00eam sido utilizados ao longo da hist\u00f3ria para tratar problemas digestivos, ansiedade e stress. O Absinto Indian Elements' \u00e9 cuidadosamente obtido e embalado para preservar a integridade das propriedades ben\u00e9ficas da planta. \u00c9 100% natural e vegan, o que o torna uma op\u00e7\u00e3o adequada para quem procura um bem-estar hol\u00edstico.<\/p>\n<p><strong>Aviso<\/strong><br \/>\nUtilizar apenas por indiv\u00edduos com idade igual ou superior a 18 anos. Manter fora do alcance das crian\u00e7as.<br \/>\nN\u00e3o utilizar este produto regularmente. Evitar conduzir ou operar maquinaria pesada sob a influ\u00eancia de Absinto. Pessoas com problemas renais ou card\u00edacos, tens\u00e3o arterial alta ou baixa, diabetes, ou que estejam a tomar medicamentos ou drogas devem abster-se de usar este produto. Esta erva n\u00e3o \u00e9 um medicamento. \u00c9 um suplemento alimentar e deve ser utilizado em conformidade. N\u00e3o comprar se o selo estiver quebrado.<\/p>","protected":false},"excerpt":{"rendered":"<p><span style=\"color: #000000;\">Indian Elements' As c\u00e1psulas de absinto cont\u00eam um poderoso extrato de Artemisia Absinthium, tamb\u00e9m conhecida como Alsemkruid ou Absinto. Conhecida pelas suas propriedades estimulantes e relaxantes, esta erva \u00e9 utilizada h\u00e1 s\u00e9culos para ajudar a digest\u00e3o, aumentar a criatividade e at\u00e9 produzir efeitos alucinog\u00e9nios quando combinada com \u00e1lcool. Com um sabor amargo que estimula o apetite e a digest\u00e3o, o absinto \u00e9 tanto um rem\u00e9dio natural como uma ferramenta de relaxamento.<\/span><\/p>","protected":false},"featured_media":125988,"template":"","meta":[],"product_brand":[],"product_cat":[597,297,513,476],"product_tag":[],"class_list":{"0":"post-8349","1":"product","2":"type-product","3":"status-publish","4":"has-post-thumbnail","6":"product_cat-indian-elements","7":"product_cat-all-products","8":"product_cat-party","9":"product_cat-smartshop","11":"first","12":"instock","13":"taxable","14":"shipping-taxable","15":"purchasable","16":"product-type-variable"},"_links":{"self":[{"href":"https:\/\/www.tatanka.nl\/pt\/wp-json\/wp\/v2\/product\/8349","targetHints":{"allow":["GET"]}}],"collection":[{"href":"https:\/\/www.tatanka.nl\/pt\/wp-json\/wp\/v2\/product"}],"about":[{"href":"https:\/\/www.tatanka.nl\/pt\/wp-json\/wp\/v2\/types\/product"}],"wp:featuredmedia":[{"embeddable":true,"href":"https:\/\/www.tatanka.nl\/pt\/wp-json\/wp\/v2\/media\/125988"}],"wp:attachment":[{"href":"https:\/\/www.tatanka.nl\/pt\/wp-json\/wp\/v2\/media?parent=8349"}],"wp:term":[{"taxonomy":"product_brand","embeddable":true,"href":"https:\/\/www.tatanka.nl\/pt\/wp-json\/wp\/v2\/product_brand?post=8349"},{"taxonomy":"product_cat","embeddable":true,"href":"https:\/\/www.tatanka.nl\/pt\/wp-json\/wp\/v2\/product_cat?post=8349"},{"taxonomy":"product_tag","embeddable":true,"href":"https:\/\/www.tatanka.nl\/pt\/wp-json\/wp\/v2\/product_tag?post=8349"}],"curies":[{"name":"wp","href":"https:\/\/api.w.org\/{rel}","templated":true}]}}