{"id":8455,"date":"2016-12-30T12:17:23","date_gmt":"2016-12-30T10:17:23","guid":{"rendered":"http:\/\/www.tatanka.nl\/?post_type=product&#038;p=8455"},"modified":"2025-10-16T07:57:36","modified_gmt":"2025-10-16T06:57:36","slug":"b-mushroom-spore-10-ml","status":"publish","type":"product","link":"https:\/\/www.tatanka.nl\/pt\/b-mushroom-spore-10-ml\/","title":{"rendered":"B+ Esporo de cogumelo"},"content":{"rendered":"<h3 dir=\"ltr\" data-pm-slice=\"1 1 []\">O que s\u00e3o esporos de cogumelos m\u00e1gicos B+?<\/h3>\n<p dir=\"ltr\">Os B+ Magic Mushroom Spores s\u00e3o uma variedade altamente adapt\u00e1vel de Psilocybe cubensis, conhecida pelo seu crescimento vigoroso e resili\u00eancia. Ideal para cultivo em interior, esta estirpe destaca-se numa vasta gama de substratos e condi\u00e7\u00f5es de temperatura, o que a torna uma das favoritas entre os entusiastas. Ao contr\u00e1rio das tradicionais impress\u00f5es de esporos ou seringas, a estirpe B+ \u00e9 fornecida numa ampola de cultura est\u00e9ril, que cont\u00e9m uma cultura l\u00edquida pronta a usar. Este m\u00e9todo inovador de entrega minimiza os riscos de contamina\u00e7\u00e3o, garantindo uma maior taxa de sucesso para os cultivadores. Os esporos s\u00e3o concebidos para inocular substratos, onde se desenvolvem em mic\u00e9lio vis\u00edvel em poucos dias, preparando o terreno para uma experi\u00eancia not\u00e1vel. Com uma composi\u00e7\u00e3o de mic\u00e9lio 100%, vermiculite e perlite, a ampola de 5 ML garante qualidade e consist\u00eancia. Quer se trate de um cultivador principiante ou experiente, estes esporos constituem uma op\u00e7\u00e3o acess\u00edvel e fi\u00e1vel para cultivar uma variedade \u00fanica que promete uma viagem extraordin\u00e1ria. A sua versatilidade e facilidade de utiliza\u00e7\u00e3o fazem deles uma escolha de destaque para quem procura um processo de cultivo fi\u00e1vel e vibrante.<\/p>\n<h3 dir=\"ltr\">Hist\u00f3ria dos esporos de cogumelos m\u00e1gicos B+<\/h3>\n<p dir=\"ltr\">As origens do B+ Magic Mushroom Spores remontam ao vibrante mundo da micologia, onde esta estirpe surgiu como uma variedade de destaque do Psilocybe cubensis. Acredita-se que tenha sido desenvolvida nos Estados Unidos, a estirpe B+ ganhou popularidade nos anos 90 pela sua adaptabilidade e carater\u00edsticas de crescimento robustas. Pensa-se que o seu nome, \"B+\", reflecte o seu desempenho \"melhor do que a m\u00e9dia\" no cultivo, prosperando em diversas condi\u00e7\u00f5es que desafiam outras variedades. Ao longo dos anos, tornou-se um elemento b\u00e1sico na comunidade de cultivo de cogumelos, celebrado pela sua capacidade de colonizar rapidamente os substratos e resistir \u00e0 contamina\u00e7\u00e3o. A introdu\u00e7\u00e3o da Ampola de Cultura revolucionou a sua utiliza\u00e7\u00e3o, oferecendo uma alternativa est\u00e9ril e de f\u00e1cil utiliza\u00e7\u00e3o aos m\u00e9todos tradicionais de distribui\u00e7\u00e3o de esporos. Esta inova\u00e7\u00e3o tornou a estirpe B+ acess\u00edvel a um p\u00fablico mais vasto, desde amadores a cultivadores experientes. O seu apelo duradouro reside na sua consist\u00eancia e versatilidade, o que lhe valeu a reputa\u00e7\u00e3o de ser uma das variedades mais fi\u00e1veis dispon\u00edveis. Atualmente, estes esporos continuam a cativar os entusiastas, combinando uma hist\u00f3ria rica com t\u00e9cnicas de cultivo modernas para fornecer um produto que honra o seu legado ao mesmo tempo que abra\u00e7a os avan\u00e7os contempor\u00e2neos da micologia.<\/p>\n<h3 dir=\"ltr\">Como utilizar os esporos de cogumelos m\u00e1gicos B+<\/h3>\n<p dir=\"ltr\">Utilizar os esporos de cogumelos m\u00e1gicos B+ \u00e9 um processo simples, gra\u00e7as ao design est\u00e9ril da ampola de cultura. Come\u00e7a por lavar bem as m\u00e3os e limpar o exterior da ampola com uma compressa de \u00e1lcool est\u00e9ril para eliminar as bact\u00e9rias. Em seguida, abra a embalagem da seringa est\u00e9ril num ambiente limpo para evitar a contamina\u00e7\u00e3o. Desaperte ligeiramente a tampa da ampola para evitar problemas de v\u00e1cuo e, em seguida, introduza a agulha da seringa atrav\u00e9s do selo de borracha para extrair a cultura de 5 ML. Uma vez cheia, a seringa est\u00e1 pronta para inocular o substrato escolhido. Aplica a cultura no substrato e mant\u00e9m-no \u00e0 temperatura ambiente. Em poucos dias, o crescimento vis\u00edvel de mic\u00e9lio indicar\u00e1 uma coloniza\u00e7\u00e3o bem sucedida. Para obter os melhores resultados, trabalhe num ambiente limpo e controlado para minimizar os riscos de contamina\u00e7\u00e3o. O processo foi concebido para ser f\u00e1cil, tornando-o acess\u00edvel a principiantes e oferecendo fiabilidade a utilizadores experientes. Ap\u00f3s a inocula\u00e7\u00e3o, armazene os esporos restantes num espa\u00e7o escuro e refrigerado (2-8\u00b0C) para preservar a sua viabilidade. Este m\u00e9todo garante uma experi\u00eancia de cultivo tranquila, permitindo-lhe aproveitar todo o potencial desta variedade vers\u00e1til para obter um resultado vibrante e \u00fanico.<\/p>\n<h3 dir=\"ltr\">Ingredientes de B+ Magic Mushroom Spores<\/h3>\n<p dir=\"ltr\">A ampola de cultura B+ Magic Mushroom Spores cont\u00e9m uma mistura precisa de ingredientes para garantir o sucesso do cultivo. Cada ampola de 5 ML consiste em 100% mycelium, a rede ativa de fungos que impulsiona o crescimento dos cogumelos, combinada com vermiculite e perlite. A vermiculite, um mineral conhecido pelas suas propriedades de reten\u00e7\u00e3o de \u00e1gua, cria um ambiente ideal para o desenvolvimento do mic\u00e9lio, mantendo os n\u00edveis de humidade. A perlite, um vidro vulc\u00e2nico leve, melhora o arejamento e a drenagem, promovendo uma coloniza\u00e7\u00e3o saud\u00e1vel. Esta composi\u00e7\u00e3o cuidadosamente equilibrada suporta o crescimento agressivo carater\u00edstico da estirpe B+, permitindo-lhe desenvolver-se em v\u00e1rios substratos e condi\u00e7\u00f5es. Produzida em condi\u00e7\u00f5es est\u00e9reis, a ampola garante a pureza e minimiza os riscos de contamina\u00e7\u00e3o, fornecendo um produto de alta qualidade pronto para uso imediato. A aus\u00eancia de produtos qu\u00edmicos ou aditivos adicionais real\u00e7a a integridade natural dos esporos, tornando-os uma escolha fi\u00e1vel para os cultivadores. Ao combinar estes componentes essenciais, a B+ Culture Ampoule fornece uma base robusta para o cultivo de uma estirpe c\u00e9lebre pela sua versatilidade e resili\u00eancia, garantindo uma experi\u00eancia consistente e gratificante para os utilizadores de todos os n\u00edveis de especializa\u00e7\u00e3o.<\/p>\n<p dir=\"ltr\"><strong>Avisar<\/strong>i<strong>ng<\/strong><\/p>\n<p dir=\"ltr\">Manter o B+ Magic Mushroom Spores fora do alcance das crian\u00e7as. Utiliza este produto num ambiente seguro, dentro de casa, com uma pessoa de confian\u00e7a presente para garantir o teu bem-estar durante a experi\u00eancia. N\u00e3o uses se estiveres gr\u00e1vida ou a amamentar, pois pode representar riscos para a sa\u00fade. Este produto prejudica a tua capacidade de conduzir ou operar m\u00e1quinas, por isso evita estas actividades. N\u00e3o \u00e9 recomendada a sua combina\u00e7\u00e3o com \u00e1lcool, drogas ou medicamentos devido a potenciais intera\u00e7\u00f5es adversas. N\u00e3o \u00e9 adequado para indiv\u00edduos com menos de 18 anos de idade. Conservar os esporos num ambiente escuro e refrigerado (2-8\u00b0C) para manter a sua qualidade.<\/p>","protected":false},"excerpt":{"rendered":"<p>A B+ \u00e9 uma variedade muito popular, muito popular pelos seus cogumelos grandes, e \u00e9 tamb\u00e9m uma variedade original da Cubensis.<\/p>\n<p>Se gostas de ver um bom visual colorido com uma liga\u00e7\u00e3o espiritual com todo o universo e ainda uma viagem divertida, este \u00e9 um bom cogumelo para isso.<\/p>","protected":false},"featured_media":13587,"template":"","meta":[],"product_brand":[],"product_cat":[540,297,595,513,515,476],"product_tag":[662],"class_list":{"0":"post-8455","1":"product","2":"type-product","3":"status-publish","4":"has-post-thumbnail","6":"product_cat-magic-mushroom-spore-syringes","7":"product_cat-all-products","8":"product_cat-mcsmart","9":"product_cat-party","10":"product_cat-shroomshop","11":"product_cat-smartshop","12":"product_tag-shrdeal","13":"product_shipping_class-creditcard-off","15":"first","16":"instock","17":"taxable","18":"shipping-taxable","19":"purchasable","20":"product-type-variable","21":"has-default-attributes"},"_links":{"self":[{"href":"https:\/\/www.tatanka.nl\/pt\/wp-json\/wp\/v2\/product\/8455","targetHints":{"allow":["GET"]}}],"collection":[{"href":"https:\/\/www.tatanka.nl\/pt\/wp-json\/wp\/v2\/product"}],"about":[{"href":"https:\/\/www.tatanka.nl\/pt\/wp-json\/wp\/v2\/types\/product"}],"wp:featuredmedia":[{"embeddable":true,"href":"https:\/\/www.tatanka.nl\/pt\/wp-json\/wp\/v2\/media\/13587"}],"wp:attachment":[{"href":"https:\/\/www.tatanka.nl\/pt\/wp-json\/wp\/v2\/media?parent=8455"}],"wp:term":[{"taxonomy":"product_brand","embeddable":true,"href":"https:\/\/www.tatanka.nl\/pt\/wp-json\/wp\/v2\/product_brand?post=8455"},{"taxonomy":"product_cat","embeddable":true,"href":"https:\/\/www.tatanka.nl\/pt\/wp-json\/wp\/v2\/product_cat?post=8455"},{"taxonomy":"product_tag","embeddable":true,"href":"https:\/\/www.tatanka.nl\/pt\/wp-json\/wp\/v2\/product_tag?post=8455"}],"curies":[{"name":"wp","href":"https:\/\/api.w.org\/{rel}","templated":true}]}}