{"id":8473,"date":"2016-12-30T13:15:47","date_gmt":"2016-12-30T11:15:47","guid":{"rendered":"http:\/\/www.tatanka.nl\/?post_type=product&#038;p=8473"},"modified":"2025-10-16T07:57:34","modified_gmt":"2025-10-16T06:57:34","slug":"mazatapec-mushroom-spore-10-ml","status":"publish","type":"product","link":"https:\/\/www.tatanka.nl\/pt\/mazatapec-mushroom-spore-10-ml\/","title":{"rendered":"Mazatapec Esporo de cogumelo"},"content":{"rendered":"<h2 dir=\"ltr\" data-pm-slice=\"1 1 []\">O que s\u00e3o esporos de cogumelos m\u00e1gicos Mazatapec?<\/h2>\n<p dir=\"ltr\">Os esporos de cogumelos m\u00e1gicos Mazatapec s\u00e3o uma variedade distinta de esporos de cogumelos psilocibinos, conhecidos pelos seus efeitos espirituais e visuais. Origin\u00e1ria de Mazatapec, M\u00e9xico, esta variedade \u00e9 preferida pela sua facilidade de cultivo e potentes propriedades psicad\u00e9licas. Ao contr\u00e1rio das tradicionais impress\u00f5es de esporos ou seringas, os esporos do cogumelo m\u00e1gico Mazatapec v\u00eam numa ampola de cultura, que cont\u00e9m 1001 mic\u00e9lioTP364T para uma inocula\u00e7\u00e3o fi\u00e1vel do substrato. Isto reduz os riscos de contamina\u00e7\u00e3o, tornando-o ideal tanto para cultivadores principiantes como experientes. A heran\u00e7a Mexican da estirpe liga-a a pr\u00e1ticas espirituais antigas, oferecendo aos utilizadores uma viagem profunda e introspectiva. Cada frasco cont\u00e9m 5 ML de cultura, incluindo vermiculite e perlite, garantindo condi\u00e7\u00f5es de crescimento \u00f3ptimas. Armazenados corretamente, estes esporos permanecem vi\u00e1veis durante longos per\u00edodos, proporcionando uma experi\u00eancia de cultivo consistente. Os esporos do cogumelo m\u00e1gico Mazatapec destacam-se pelo seu equil\u00edbrio entre acessibilidade e efeitos profundos, apelando a quem procura crescimento pessoal e uma liga\u00e7\u00e3o aos mist\u00e9rios da natureza. As suas carater\u00edsticas \u00fanicas fazem deles uma escolha popular na comunidade psicad\u00e9lica, proporcionando uma experi\u00eancia transformadora quando cultivados e usados de forma respons\u00e1vel.<\/p>\n<h2 dir=\"ltr\">Hist\u00f3ria do Mazatapec Magic Mushroom Spores<\/h2>\n<p dir=\"ltr\">A hist\u00f3ria dos esporos de cogumelos m\u00e1gicos Mazatapec remonta \u00e0s regi\u00f5es luxuriantes perto de Mazatapec, no M\u00e9xico, onde as comunidades ind\u00edgenas h\u00e1 muito reverenciam os cogumelos psilocibinos pelo seu significado espiritual. Estes cogumelos eram parte integrante de rituais antigos, acreditando-se que ligavam os utilizadores a reinos divinos e promoviam uma profunda introspe\u00e7\u00e3o. A estirpe Mazatapec ganhou proemin\u00eancia na era moderna com o aumento do interesse global pelos psicad\u00e9licos, particularmente durante os movimentos de contracultura do s\u00e9culo XX. A sua reputa\u00e7\u00e3o cresceu devido \u00e0 sua resili\u00eancia e facilidade de cultivo, tornando-a uma das favoritas entre micologistas e entusiastas. Ao contr\u00e1rio de outras variedades, os esporos de cogumelos m\u00e1gicos Mazatapec s\u00e3o celebrados pelos seus efeitos visuais e espirituais consistentes, enraizados na sua linhagem Mexican. O desenvolvimento da tecnologia Culture Ampoule revolucionou ainda mais a sua utiliza\u00e7\u00e3o, oferecendo uma forma est\u00e9ril e eficiente de cultivar estes cogumelos. Hoje em dia, os esporos de cogumelos m\u00e1gicos Mazatapec s\u00e3o apreciados em todo o mundo pelos seus la\u00e7os hist\u00f3ricos com as pr\u00e1ticas ind\u00edgenas e pela sua capacidade de proporcionar uma experi\u00eancia psicad\u00e9lica significativa. A sua popularidade duradoura reflecte um apre\u00e7o crescente pela heran\u00e7a cultural e espiritual incorporada nesta variedade not\u00e1vel.<\/p>\n<h2 dir=\"ltr\">Como utilizar os esporos de cogumelos m\u00e1gicos Mazatapec<\/h2>\n<p dir=\"ltr\">A utiliza\u00e7\u00e3o dos esporos do cogumelo m\u00e1gico Mazatapec \u00e9 simples com a ampola de cultura, concebida para ser f\u00e1cil e fi\u00e1vel. Comece por lavar bem as m\u00e3os e limpar o exterior da ampola com uma compressa de \u00e1lcool est\u00e9ril para eliminar as bact\u00e9rias. Em seguida, abra cuidadosamente a embalagem da seringa est\u00e9ril num ambiente limpo para evitar a contamina\u00e7\u00e3o. Desapertar ligeiramente a tampa da ampola para libertar o v\u00e1cuo e, em seguida, introduzir a agulha da seringa atrav\u00e9s do selo de borracha para extrair a cultura de 5 ML. Uma vez cheia, a seringa est\u00e1 pronta para inocular o substrato escolhido. Espalha a cultura uniformemente e guarda o substrato \u00e0 temperatura ambiente, permitindo que o mic\u00e9lio se desenvolva em poucos dias. Os esporos do Cogumelo M\u00e1gico Mazatapec requerem paci\u00eancia, uma vez que o seu ciclo de crescimento \u00e9 ligeiramente mais longo do que o de outras estirpes, mas os resultados s\u00e3o compensadores. Assegura um espa\u00e7o de trabalho esterilizado para maximizares o sucesso. Ap\u00f3s o cultivo, consome os cogumelos num ambiente seguro e confort\u00e1vel, idealmente com um companheiro de confian\u00e7a. Os efeitos potentes desta variedade exigem respeito, por isso come\u00e7a com uma dose baixa para avaliar a sua intensidade. O uso correto garante uma experi\u00eancia segura e transformadora com os esporos do cogumelo m\u00e1gico Mazatapec.<\/p>\n<h2 dir=\"ltr\">Ingredientes de Mazatapec Esporos de Cogumelos M\u00e1gicos<\/h2>\n<p dir=\"ltr\">Os esporos Magic Mushroom Mazatapec s\u00e3o compostos por componentes cuidadosamente selecionados para garantir o sucesso do cultivo. Cada ampola de cultura de 5 ML cont\u00e9m 100% mic\u00e9lio, a rede f\u00fangica ativa que impulsiona o crescimento dos cogumelos. Este \u00e9 complementado por vermiculite, um mineral que ret\u00e9m a humidade e apoia o desenvolvimento do mic\u00e9lio, e perlite, que melhora o arejamento e a drenagem no substrato. Estes ingredientes s\u00e3o meticulosamente preparados em condi\u00e7\u00f5es est\u00e9reis para evitar a contamina\u00e7\u00e3o e promover um crescimento saud\u00e1vel. A aus\u00eancia de aditivos adicionais assegura a pureza da estirpe Mazatapec, preservando a sua pot\u00eancia natural e qualidades espirituais. A vermiculite e a perlite criam um ambiente \u00f3timo para o mic\u00e9lio se desenvolver, tornando o cultivo acess\u00edvel mesmo para principiantes. Os esporos s\u00e3o produzidos e embalados de forma a manter a sua viabilidade, necessitando de ser armazenados num ambiente escuro e refrigerado (2-8\u00b0C) para prolongar a sua vida \u00fatil. Esta formula\u00e7\u00e3o precisa sublinha a qualidade do Mazatapec Magic Mushroom Spores, fornecendo um produto fi\u00e1vel e eficaz para quem procura explorar o seu potencial psicad\u00e9lico. A combina\u00e7\u00e3o de mic\u00e9lio, vermiculite e perlite garante uma base robusta para uma experi\u00eancia de cultivo bem sucedida e gratificante.<\/p>\n<p dir=\"ltr\"><strong>Aviso<\/strong><\/p>\n<p dir=\"ltr\">Mant\u00e9m os esporos do cogumelo m\u00e1gico Mazatapec fora do alcance das crian\u00e7as. Utiliza-os num ambiente seguro, dentro de casa, com a presen\u00e7a de uma pessoa de confian\u00e7a para garantir o teu bem-estar durante a experi\u00eancia. N\u00e3o uses se estiveres gr\u00e1vida ou a amamentar, pois os efeitos podem ser perigosos. O consumo prejudica a capacidade de conduzir ou operar m\u00e1quinas, por isso evita estas actividades. N\u00e3o \u00e9 recomendada a combina\u00e7\u00e3o deste produto com \u00e1lcool, drogas ou medicamentos, pois pode provocar efeitos imprevis\u00edveis. Este produto n\u00e3o \u00e9 adequado para pessoas com menos de 18 anos. Guardar os esporos num local refrigerado e escuro para manter a sua pot\u00eancia e garantir uma utiliza\u00e7\u00e3o respons\u00e1vel.<\/p>","protected":false},"excerpt":{"rendered":"<p dir=\"auto\">Os esporos do cogumelo m\u00e1gico Mazatapec oferecem uma experi\u00eancia \u00fanica e espiritual com imagens v\u00edvidas. Origin\u00e1ria do M\u00e9xico, esta variedade f\u00e1cil de cultivar \u00e9 perfeita para quem procura uma viagem profunda. A Ampola de Cultura assegura uma inocula\u00e7\u00e3o fi\u00e1vel com um risco m\u00ednimo de contamina\u00e7\u00e3o, fornecendo mic\u00e9lio puro para um processo de cultivo bem sucedido.<\/p>","protected":false},"featured_media":13600,"template":"","meta":[],"product_brand":[],"product_cat":[540,297,595,513,515,476],"product_tag":[662],"class_list":{"0":"post-8473","1":"product","2":"type-product","3":"status-publish","4":"has-post-thumbnail","6":"product_cat-magic-mushroom-spore-syringes","7":"product_cat-all-products","8":"product_cat-mcsmart","9":"product_cat-party","10":"product_cat-shroomshop","11":"product_cat-smartshop","12":"product_tag-shrdeal","13":"product_shipping_class-creditcard-off","15":"first","16":"instock","17":"taxable","18":"shipping-taxable","19":"purchasable","20":"product-type-variable","21":"has-default-attributes"},"_links":{"self":[{"href":"https:\/\/www.tatanka.nl\/pt\/wp-json\/wp\/v2\/product\/8473","targetHints":{"allow":["GET"]}}],"collection":[{"href":"https:\/\/www.tatanka.nl\/pt\/wp-json\/wp\/v2\/product"}],"about":[{"href":"https:\/\/www.tatanka.nl\/pt\/wp-json\/wp\/v2\/types\/product"}],"wp:featuredmedia":[{"embeddable":true,"href":"https:\/\/www.tatanka.nl\/pt\/wp-json\/wp\/v2\/media\/13600"}],"wp:attachment":[{"href":"https:\/\/www.tatanka.nl\/pt\/wp-json\/wp\/v2\/media?parent=8473"}],"wp:term":[{"taxonomy":"product_brand","embeddable":true,"href":"https:\/\/www.tatanka.nl\/pt\/wp-json\/wp\/v2\/product_brand?post=8473"},{"taxonomy":"product_cat","embeddable":true,"href":"https:\/\/www.tatanka.nl\/pt\/wp-json\/wp\/v2\/product_cat?post=8473"},{"taxonomy":"product_tag","embeddable":true,"href":"https:\/\/www.tatanka.nl\/pt\/wp-json\/wp\/v2\/product_tag?post=8473"}],"curies":[{"name":"wp","href":"https:\/\/api.w.org\/{rel}","templated":true}]}}