{"id":8479,"date":"2016-12-30T13:33:21","date_gmt":"2016-12-30T11:33:21","guid":{"rendered":"http:\/\/www.tatanka.nl\/?post_type=product&#038;p=8479"},"modified":"2026-03-12T12:48:29","modified_gmt":"2026-03-12T11:48:29","slug":"golden-teacher-mushroom-spore-10-ml","status":"publish","type":"product","link":"https:\/\/www.tatanka.nl\/pt\/golden-teacher-mushroom-spore-10-ml\/","title":{"rendered":"Golden Teacher Esporo de cogumelo"},"content":{"rendered":"<h2 dir=\"ltr\" data-pm-slice=\"1 1 []\">O que s\u00e3o esporos de cogumelos m\u00e1gicos Golden Teacher?<\/h2>\n<p dir=\"ltr\">Golden Teacher Os esporos de cogumelos m\u00e1gicos s\u00e3o uma variedade de Psilocybe cubensis, c\u00e9lebre pela sua capacidade de proporcionar experi\u00eancias profundas e introspectivas. Surgidos no final dos anos 80, as suas origens misteriosas contribuem para o seu fasc\u00ednio. Ao contr\u00e1rio das tradicionais impress\u00f5es de esporos ou seringas, a ampola de cultura assegura um processo est\u00e9ril e livre de contamina\u00e7\u00e3o para cultivar cogumelos em casa. Cada frasco cont\u00e9m 5 ML de mic\u00e9lio 100%, vermiculite e perlite, concebidos para simplificar o processo de cultivo. Estes esporos s\u00e3o ideais para quem procura uma viagem espiritual ou educacional, oferecendo imagens v\u00edvidas e percep\u00e7\u00f5es profundas. Armazenados corretamente num local fresco e escuro, mant\u00eam a sua pot\u00eancia durante longos per\u00edodos. Com uma prepara\u00e7\u00e3o cuidadosa, os utilizadores podem cultivar cogumelos que proporcionam uma viagem transformadora, tornando este produto um favorito entre os entusiastas. O ambiente controlado da ampola de cultura aumenta as taxas de sucesso, tornando-a acess\u00edvel tanto a principiantes como a cultivadores experientes. Os esporos do cogumelo m\u00e1gico Golden Teacher destacam-se pela sua fiabilidade e pelas experi\u00eancias \u00fanicas e esclarecedoras que proporcionam, convidando os utilizadores a explorar novas dimens\u00f5es da consci\u00eancia num ambiente seguro e controlado.<\/p>\n<h2 dir=\"ltr\">Hist\u00f3ria do Golden Teacher Magic Mushroom Spores<\/h2>\n<p dir=\"ltr\">A hist\u00f3ria dos esporos do cogumelo m\u00e1gico Golden Teacher est\u00e1 envolta em mist\u00e9rio, o que aumenta a sua m\u00edstica. Aparecendo pela primeira vez no final dos anos 80, esta variedade de Psilocybe cubensis rapidamente ganhou popularidade pelos seus efeitos potentes e facilidade de cultivo. Embora as origens exactas permane\u00e7am desconhecidas, alguns especulam que foi descoberta na regi\u00e3o da Costa do Golfo, embora n\u00e3o existam registos definitivos. Batizados com o nome das suas tampas douradas e das experi\u00eancias profundas, quase educativas, que induzem, estes esporos tornaram-se um elemento b\u00e1sico da comunidade psicad\u00e9lica. Ao contr\u00e1rio de outras variedades, a sua resili\u00eancia e rendimentos consistentes tornaram-nas favoritas dos cultivadores caseiros. O desenvolvimento da ampola de cultura revolucionou ainda mais a sua utiliza\u00e7\u00e3o, oferecendo uma forma est\u00e9ril e eficiente de cultivar cogumelos. Esta inova\u00e7\u00e3o reduziu os riscos de contamina\u00e7\u00e3o, tornando os esporos Golden Teacher Magic Mushroom acess\u00edveis a um p\u00fablico mais vasto. Ao longo das d\u00e9cadas, a sua reputa\u00e7\u00e3o de proporcionar viagens v\u00edvidas e introspectivas solidificou o seu lugar na cultura psicad\u00e9lica. Atualmente, continuam a ser um s\u00edmbolo de explora\u00e7\u00e3o e auto-descoberta, apreciado por aqueles que valorizam a sua capacidade \u00fanica de ensinar e inspirar. A sua popularidade duradoura reflecte um interesse crescente no cultivo seguro e caseiro e na procura de experi\u00eancias significativas e transformadoras.<\/p>\n<h2 dir=\"ltr\">Como utilizar os esporos do cogumelo m\u00e1gico Golden Teacher<\/h2>\n<p dir=\"ltr\">A utiliza\u00e7\u00e3o dos esporos do cogumelo m\u00e1gico Golden Teacher \u00e9 simples com a ampola de cultura, concebida para ser simples e esterilizada. Comece por lavar bem as m\u00e3os e limpar o exterior da ampola com uma compressa de \u00e1lcool est\u00e9ril para eliminar as bact\u00e9rias. Em seguida, abra a embalagem est\u00e9ril da seringa num ambiente limpo para evitar a contamina\u00e7\u00e3o. Desaperte ligeiramente a tampa da ampola para evitar problemas de v\u00e1cuo e, em seguida, insira a agulha atrav\u00e9s do selo de borracha para encher a seringa com a cultura de 5 ML. Uma vez cheia, a seringa est\u00e1 pronta para inocular o substrato escolhido. Espalhe a cultura uniformemente e guarde o substrato \u00e0 temperatura ambiente. Em poucos dias, o crescimento vis\u00edvel de mic\u00e9lio indica que a inocula\u00e7\u00e3o foi bem sucedida. Para obter melhores resultados, mantenha um espa\u00e7o de trabalho limpo e manuseie todos os materiais com cuidado. O processo \u00e9 de f\u00e1cil utiliza\u00e7\u00e3o, mesmo para principiantes, gra\u00e7as \u00e0 ampola esterilizada e pr\u00e9-preparada. Ap\u00f3s o cultivo, os cogumelos resultantes podem ser usados para uma viagem segura e introspectiva num ambiente confort\u00e1vel. Certifica-te sempre de que est\u00e1s num ambiente seguro com um companheiro de confian\u00e7a. A t\u00e9cnica e a higiene adequadas s\u00e3o fundamentais para maximizar o potencial dos esporos do cogumelo m\u00e1gico Golden Teacher, proporcionando uma experi\u00eancia de cultivo gratificante e uma viagem de descoberta pessoal.<\/p>\n<h2 dir=\"ltr\">Ingredientes de Golden Teacher Esporos de Cogumelos M\u00e1gicos<\/h2>\n<p dir=\"ltr\">Os esporos Magic Mushroom Golden Teacher s\u00e3o fabricados com precis\u00e3o para garantir qualidade e fiabilidade. Cada ampola de cultura de 5 ML cont\u00e9m 100% mic\u00e9lio, a rede f\u00fangica ativa essencial para o crescimento dos cogumelos, combinada com vermiculite e perlite. A vermiculite, um mineral, ret\u00e9m a humidade e proporciona um meio est\u00e1vel para o desenvolvimento do mic\u00e9lio, enquanto a perlite melhora o arejamento e a drenagem, criando um ambiente ideal para o cultivo. Estes ingredientes s\u00e3o cuidadosamente selecionados para apoiar o crescimento robusto dos cogumelos, minimizando os riscos de contamina\u00e7\u00e3o. Produzida em condi\u00e7\u00f5es est\u00e9reis, a ampola assegura que a cultura permanece pura e eficaz. Ao contr\u00e1rio das impress\u00f5es tradicionais de esporos, esta formula\u00e7\u00e3o garante uma taxa de sucesso mais elevada para os produtores dom\u00e9sticos. O mic\u00e9lio \u00e9 pr\u00e9-ativado, eliminando a necessidade de uma prepara\u00e7\u00e3o complexa, o que o torna ideal tanto para cultivadores principiantes como para experientes. Armazenados num ambiente refrigerado e escuro, os esporos mant\u00eam a sua viabilidade durante longos per\u00edodos. Esta combina\u00e7\u00e3o de mic\u00e9lio de alta qualidade e substratos de apoio faz do Golden Teacher Magic Mushroom Spores uma escolha de destaque para quem procura uma forma fi\u00e1vel e eficiente de cultivar cogumelos e embarcar numa experi\u00eancia psicad\u00e9lica transformadora de forma segura e controlada.<\/p>\n<p dir=\"ltr\"><strong>Aviso<\/strong><\/p>\n<p dir=\"ltr\">Manter o Golden Teacher Magic Mushroom Spores fora do alcance das crian\u00e7as. Utilizar apenas num ambiente seguro, dentro de casa, com um companheiro de confian\u00e7a para garantir o seu bem-estar durante a experi\u00eancia. N\u00e3o uses se estiveres gr\u00e1vida ou a amamentar, pois pode representar riscos para a sa\u00fade. Este produto prejudica a tua capacidade de conduzir ou operar m\u00e1quinas. Evitar a combina\u00e7\u00e3o com \u00e1lcool, drogas ou medicamentos, pois as intera\u00e7\u00f5es podem ser imprevis\u00edveis. N\u00e3o recomendado a indiv\u00edduos com menos de 18 anos de idade.<\/p>","protected":false},"excerpt":{"rendered":"<p dir=\"ltr\" data-pm-slice=\"1 1 []\">Golden Teacher Os esporos do cogumelo m\u00e1gico oferecem uma viagem m\u00edstica com o Psilocybe cubensis, conhecido pelos seus efeitos iluminadores. Perfeitos para cultivo dom\u00e9stico, estes esporos v\u00eam numa ampola de cultura est\u00e9ril para uma f\u00e1cil inocula\u00e7\u00e3o no substrato, garantindo uma experi\u00eancia \u00fanica e transformadora.<\/p>","protected":false},"featured_media":13606,"template":"","meta":[],"product_brand":[],"product_cat":[540,297,595,513,515,476],"product_tag":[662],"class_list":{"0":"post-8479","1":"product","2":"type-product","3":"status-publish","4":"has-post-thumbnail","6":"product_cat-magic-mushroom-spore-syringes","7":"product_cat-all-products","8":"product_cat-mcsmart","9":"product_cat-party","10":"product_cat-shroomshop","11":"product_cat-smartshop","12":"product_tag-shrdeal","13":"product_shipping_class-creditcard-off","15":"first","16":"instock","17":"taxable","18":"shipping-taxable","19":"purchasable","20":"product-type-variable","21":"has-default-attributes"},"_links":{"self":[{"href":"https:\/\/www.tatanka.nl\/pt\/wp-json\/wp\/v2\/product\/8479","targetHints":{"allow":["GET"]}}],"collection":[{"href":"https:\/\/www.tatanka.nl\/pt\/wp-json\/wp\/v2\/product"}],"about":[{"href":"https:\/\/www.tatanka.nl\/pt\/wp-json\/wp\/v2\/types\/product"}],"wp:featuredmedia":[{"embeddable":true,"href":"https:\/\/www.tatanka.nl\/pt\/wp-json\/wp\/v2\/media\/13606"}],"wp:attachment":[{"href":"https:\/\/www.tatanka.nl\/pt\/wp-json\/wp\/v2\/media?parent=8479"}],"wp:term":[{"taxonomy":"product_brand","embeddable":true,"href":"https:\/\/www.tatanka.nl\/pt\/wp-json\/wp\/v2\/product_brand?post=8479"},{"taxonomy":"product_cat","embeddable":true,"href":"https:\/\/www.tatanka.nl\/pt\/wp-json\/wp\/v2\/product_cat?post=8479"},{"taxonomy":"product_tag","embeddable":true,"href":"https:\/\/www.tatanka.nl\/pt\/wp-json\/wp\/v2\/product_tag?post=8479"}],"curies":[{"name":"wp","href":"https:\/\/api.w.org\/{rel}","templated":true}]}}