{"id":8504,"date":"2017-12-30T15:34:50","date_gmt":"2017-12-30T15:34:50","guid":{"rendered":"http:\/\/www.tatanka.nl\/?post_type=product&#038;p=8504"},"modified":"2025-08-28T00:49:01","modified_gmt":"2025-08-27T23:49:01","slug":"baby-hawaiian-woodrose-seeds","status":"publish","type":"product","link":"https:\/\/www.tatanka.nl\/pt\/baby-hawaiian-woodrose-seeds\/","title":{"rendered":"Beb\u00e9 Hawaiian Woodrose"},"content":{"rendered":"<h2 data-start=\"537\" data-end=\"572\">O que s\u00e3o as sementes de Argyreia Nervosa?<\/h2>\n<p data-start=\"574\" data-end=\"1265\">As sementes de Argyreia Nervosa, vulgarmente conhecidas como Baby Hawaiian Woodrose, s\u00e3o as sementes de uma planta trepadeira nativa da \u00cdndia. Estas sementes cont\u00eam uma subst\u00e2ncia psicoactiva conhecida como LSA (amida de \u00e1cido lis\u00e9rgico), que pode induzir efeitos psicad\u00e9licos ligeiros quando consumida. Ao contr\u00e1rio de outros alucinog\u00e9nios, os efeitos destas sementes s\u00e3o geralmente suaves, sem as alucina\u00e7\u00f5es extremas tipicamente associadas a subst\u00e2ncias como o LSD. Os utilizadores relatam frequentemente sensa\u00e7\u00f5es coloridas, v\u00edvidas e m\u00edsticas que criam um estado de consci\u00eancia \u00fanico e alterado. A planta \u00e9 usada de v\u00e1rias formas, incluindo na medicina tradicional e para fins recreativos, oferecendo uma mistura intrigante de propriedades terap\u00eauticas e psicoactivas.<\/p>\n<p data-start=\"1267\" data-end=\"1746\">As sementes da Argyreia nervosa fazem parte das pr\u00e1ticas medicinais h\u00e1 s\u00e9culos na \u00cdndia. No entanto, a planta tornou-se mais conhecida pelas suas propriedades psicoactivas quando foi introduzida no mundo ocidental, particularmente no Havai. Atualmente, as sementes de Baby Hawaiian Woodrose s\u00e3o utilizadas por quem procura experi\u00eancias espirituais e recreativas. A planta continua a ser estudada pela sua hist\u00f3ria rica e pelos potenciais benef\u00edcios que pode oferecer para al\u00e9m das suas propriedades de altera\u00e7\u00e3o da mente.<\/p>\n<h2 data-start=\"1748\" data-end=\"1784\">Hist\u00f3ria das sementes de Argyreia Nervosa<\/h2>\n<p data-start=\"1786\" data-end=\"2198\">A Argyreia Nervosa tem uma liga\u00e7\u00e3o hist\u00f3rica profunda tanto \u00e0 medicina tradicional como ao uso psicoativo. Nativa da \u00cdndia, esta planta tem sido venerada pelas suas qualidades medicinais h\u00e1 centenas de anos. Na \u00cdndia antiga, era usada para tratar uma s\u00e9rie de doen\u00e7as, desde problemas respirat\u00f3rios a diabetes e artrite. Al\u00e9m disso, era reconhecida como um afrodis\u00edaco, com alguns sugerindo que tinha efeitos de aumento da libido.<\/p>\n<p data-start=\"2200\" data-end=\"2619\">A planta ganhou aten\u00e7\u00e3o internacional quando foi descoberta pelos europeus no Havai. A\u00ed, era utilizada n\u00e3o s\u00f3 pelas suas propriedades medicinais mas tamb\u00e9m como sedativo. Foi nessa altura que se observaram as propriedades psicoactivas das sementes, o que acabou por levar \u00e0 associa\u00e7\u00e3o popular da planta a uma experi\u00eancia psicad\u00e9lica. O nome \"Hawaiian Woodrose\" foi adotado devido \u00e0 sua utiliza\u00e7\u00e3o generalizada na regi\u00e3o.<\/p>\n<p data-start=\"2621\" data-end=\"2995\">Mais tarde, o LSA foi isolado pelo qu\u00edmico su\u00ed\u00e7o Albert Hoffman, o mesmo cientista que descobriu o LSD. Depois de Hoffman ter sintetizado o LSA, verificou-se que este ocorria naturalmente em certas plantas, incluindo a Argyreia Nervosa. Entre estas plantas, a Argyreia Nervosa cont\u00e9m a maior concentra\u00e7\u00e3o de LSA, tornando as suas sementes particularmente procuradas para fins recreativos e medicinais.<\/p>\n<h2 data-start=\"2997\" data-end=\"3033\">Como usar as sementes de Argyreia Nervosa<\/h2>\n<p data-start=\"3035\" data-end=\"3477\">Existem v\u00e1rios m\u00e9todos de utiliza\u00e7\u00e3o das sementes de Argyreia nervosa, sendo que cada m\u00e9todo oferece uma experi\u00eancia ligeiramente diferente. Tradicionalmente, as sementes s\u00e3o mastigadas, o que ajuda a libertar o composto ativo LSA. Este m\u00e9todo permite um in\u00edcio gradual dos efeitos, normalmente dentro de uma hora ap\u00f3s o consumo. Os efeitos podem durar v\u00e1rias horas, e os utilizadores podem sentir uma sensa\u00e7\u00e3o de euforia, imagens v\u00edvidas e uma maior sensibilidade ao som e \u00e0 luz.<\/p>\n<p data-start=\"3479\" data-end=\"3858\">Alguns utilizadores preferem moer as sementes at\u00e9 ficarem em p\u00f3 e consumi-las, misturando-as na comida ou na \u00e1gua, para disfar\u00e7ar o amargor natural. Este m\u00e9todo pode alterar o tempo de in\u00edcio e a intensidade dos efeitos. \u00c9 importante notar que a experi\u00eancia pode variar muito dependendo de v\u00e1rios factores, incluindo o metabolismo do utilizador, o ambiente e a ingest\u00e3o pr\u00e9via de alimentos.<\/p>\n<p data-start=\"3860\" data-end=\"4302\">Aconselha-se tamb\u00e9m a abordar a utiliza\u00e7\u00e3o das sementes de Argyreia Nervosa com precau\u00e7\u00e3o, sobretudo se for a primeira vez. Come\u00e7a com uma pequena quantidade para avaliares a tua toler\u00e2ncia, e tem em conta o contexto em que as est\u00e1s a usar. O ambiente e o teu estado mental podem influenciar significativamente os efeitos das sementes. Recomenda-se sempre a sua utiliza\u00e7\u00e3o num ambiente seguro e confort\u00e1vel, idealmente com uma pessoa de confian\u00e7a para orientar a experi\u00eancia.<\/p>\n<h2 data-start=\"4792\" data-end=\"4832\">Ingredientes das sementes de Argyreia nervosa<\/h2>\n<p data-start=\"4834\" data-end=\"5436\">O ingrediente ativo principal das sementes de Argyreia Nervosa \u00e9 o LSA (amida de \u00e1cido lis\u00e9rgico), um composto natural que pertence \u00e0 mesma fam\u00edlia qu\u00edmica do LSD. O LSA \u00e9 conhecido pelos seus efeitos psicoactivos ligeiros, que podem alterar a perce\u00e7\u00e3o e induzir uma sensa\u00e7\u00e3o de euforia e melhorias visuais. As sementes tamb\u00e9m cont\u00eam v\u00e1rios outros compostos, incluindo alcal\u00f3ides, que contribuem para as propriedades medicinais da planta. Estes componentes adicionais podem ter v\u00e1rios efeitos no corpo, tais como propriedades anti-inflamat\u00f3rias, analg\u00e9sicas e antiespasm\u00f3dicas, tornando as sementes \u00fateis na medicina tradicional.<\/p>\n<p data-start=\"5438\" data-end=\"5886\">Para al\u00e9m do LSA, as sementes cont\u00eam uma variedade de outras subst\u00e2ncias naturais que se pensa contribu\u00edrem para o seu potencial terap\u00eautico global. Esta combina\u00e7\u00e3o de compostos psicoactivos e medicinais \u00e9 a raz\u00e3o pela qual as sementes de Argyreia nervosa s\u00e3o utilizadas h\u00e1 s\u00e9culos, tanto para fins recreativos como pelo seu potencial para tratar v\u00e1rias doen\u00e7as. No entanto, devido \u00e0 natureza imprevis\u00edvel dos efeitos, recomenda-se a utiliza\u00e7\u00e3o respons\u00e1vel destas sementes.<\/p>\n<p data-start=\"5888\" data-end=\"6255\">Em termos da sua estrutura qu\u00edmica, o LSA \u00e9 um parente pr\u00f3ximo do LSD, mas com um impacto psicoativo menos intenso. Acredita-se que interage com os receptores de serotonina no c\u00e9rebro, levando \u00e0s percep\u00e7\u00f5es sensoriais alteradas relatadas pelos utilizadores. Embora os efeitos psicoactivos sejam mais suaves, podem ainda assim proporcionar uma experi\u00eancia \u00fanica e introspectiva quando usados com cuidado.<\/p>\n<p data-start=\"6272\" data-end=\"6873\" data-is-last-node=\"\"><strong data-start=\"4304\" data-end=\"4316\">Aviso:<\/strong><br data-start=\"4316\" data-end=\"4319\" \/>\u00c9 importante ter cuidado ao usar as sementes de Argyreia Nervosa, pois estas cont\u00eam um composto psicoativo, o LSA. Os efeitos podem variar muito consoante o indiv\u00edduo e o m\u00e9todo de consumo. O uso excessivo ou incorreto pode levar a experi\u00eancias desagrad\u00e1veis e, nalguns casos, pode ter efeitos adversos para a sa\u00fade. Certifica-te sempre de que est\u00e1s num ambiente seguro e controlado quando usas estas sementes, e come\u00e7a com uma dose pequena se n\u00e3o estiveres familiarizado com os seus efeitos.<\/p>","protected":false},"excerpt":{"rendered":"<p>A Argyreia Nervosa, tamb\u00e9m conhecida como Baby Hawaiian Woodrose, \u00e9 uma planta com sementes que cont\u00eam LSA, uma subst\u00e2ncia psicoactiva. Apenas seis sementes podem proporcionar uma experi\u00eancia psicad\u00e9lica ligeira, marcada por sensa\u00e7\u00f5es vibrantes e m\u00edsticas. Nativa da \u00cdndia, tem sido utilizada para fins medicinais durante s\u00e9culos, como no tratamento de diabetes, problemas respirat\u00f3rios e artrite, sendo tamb\u00e9m considerada afrodis\u00edaca. No Havai, estas sementes s\u00e3o conhecidas pelos seus efeitos sedativos e fazem parte das pr\u00e1ticas tradicionais.<\/p>","protected":false},"featured_media":126163,"template":"","meta":[],"product_brand":[],"product_cat":[600,297,537,513,476],"product_tag":[],"class_list":{"0":"post-8504","1":"product","2":"type-product","3":"status-publish","4":"has-post-thumbnail","6":"product_cat-mcmystic","7":"product_cat-all-products","8":"product_cat-lsa-seeds","9":"product_cat-party","10":"product_cat-smartshop","11":"product_shipping_class-not-allowed-group-3","13":"first","14":"instock","15":"taxable","16":"shipping-taxable","17":"purchasable","18":"product-type-variable"},"_links":{"self":[{"href":"https:\/\/www.tatanka.nl\/pt\/wp-json\/wp\/v2\/product\/8504","targetHints":{"allow":["GET"]}}],"collection":[{"href":"https:\/\/www.tatanka.nl\/pt\/wp-json\/wp\/v2\/product"}],"about":[{"href":"https:\/\/www.tatanka.nl\/pt\/wp-json\/wp\/v2\/types\/product"}],"wp:featuredmedia":[{"embeddable":true,"href":"https:\/\/www.tatanka.nl\/pt\/wp-json\/wp\/v2\/media\/126163"}],"wp:attachment":[{"href":"https:\/\/www.tatanka.nl\/pt\/wp-json\/wp\/v2\/media?parent=8504"}],"wp:term":[{"taxonomy":"product_brand","embeddable":true,"href":"https:\/\/www.tatanka.nl\/pt\/wp-json\/wp\/v2\/product_brand?post=8504"},{"taxonomy":"product_cat","embeddable":true,"href":"https:\/\/www.tatanka.nl\/pt\/wp-json\/wp\/v2\/product_cat?post=8504"},{"taxonomy":"product_tag","embeddable":true,"href":"https:\/\/www.tatanka.nl\/pt\/wp-json\/wp\/v2\/product_tag?post=8504"}],"curies":[{"name":"wp","href":"https:\/\/api.w.org\/{rel}","templated":true}]}}