{"id":8508,"date":"2017-12-30T15:51:38","date_gmt":"2017-12-30T15:51:38","guid":{"rendered":"http:\/\/www.tatanka.nl\/?post_type=product&#038;p=8508"},"modified":"2025-06-04T15:46:19","modified_gmt":"2025-06-04T14:46:19","slug":"morning-glory-seeds","status":"publish","type":"product","link":"https:\/\/www.tatanka.nl\/pt\/morning-glory-seeds\/","title":{"rendered":"Sementes de flor-de-maio"},"content":{"rendered":"<h2 data-start=\"337\" data-end=\"369\">O que s\u00e3o sementes de morning glory?<\/h2>\n<p data-start=\"371\" data-end=\"1197\">Sementes de morning glory, especificamente da planta <em data-start=\"420\" data-end=\"438\">Ipomoea Purpurea<\/em>As sementes de maconha s\u00e3o conhecidas pelas suas propriedades psicoactivas. As sementes cont\u00eam um composto chamado Amida de \u00c1cido Lis\u00e9rgico (LSA), que est\u00e1 quimicamente relacionado com o LSD. O LSA \u00e9 conhecido pela sua capacidade de induzir experi\u00eancias introspectivas, meditativas e por vezes vision\u00e1rias. As sementes s\u00e3o utilizadas h\u00e1 s\u00e9culos pelas culturas ind\u00edgenas, especialmente na Am\u00e9rica do Sul, onde s\u00e3o preparadas e consumidas de v\u00e1rias formas para melhorar as pr\u00e1ticas espirituais. Estas sementes n\u00e3o s\u00e3o apenas uma maravilha visual devido \u00e0s suas belas flores, mas tamb\u00e9m uma porta de entrada para estados alterados de consci\u00eancia. Os efeitos psicoactivos das sementes de morning glory s\u00e3o influenciados pelo ambiente e pelo estado de esp\u00edrito individual, o que significa que a experi\u00eancia pode variar muito dependendo do ambiente e da concentra\u00e7\u00e3o mental.<\/p>\n<h2 data-start=\"1204\" data-end=\"1237\">Hist\u00f3ria das sementes de morning glory<\/h2>\n<p data-start=\"1239\" data-end=\"2119\">A hist\u00f3ria da <em data-start=\"1254\" data-end=\"1272\">Ipomoea Purpurea<\/em> As sementes de morning glory remontam a milhares de anos. As tribos ind\u00edgenas da Am\u00e9rica do Sul foram das primeiras a reconhecer e a utilizar as propriedades psicoactivas da planta Morning Glory. Mo\u00edam as sementes e deixavam-nas de molho em \u00e1gua ou \u00e1lcool para extrair o composto ativo, o LSA. Este m\u00e9todo de prepara\u00e7\u00e3o permitia-lhes consumir as sementes de uma forma que reduzia os efeitos secund\u00e1rios indesejados, criando uma experi\u00eancia mais control\u00e1vel e concentrada. O conhecimento dos efeitos destas sementes foi transmitido ao longo de gera\u00e7\u00f5es, sendo frequentemente utilizado em contextos espirituais e cerimoniais. A descoberta cient\u00edfica do LSA veio muito mais tarde, com os investigadores a identificarem-no como um composto natural intimamente relacionado com o LSD na d\u00e9cada de 1960. Esta liga\u00e7\u00e3o ao LSD chamou mais aten\u00e7\u00e3o para as sementes de morning glory nos tempos modernos, levando tanto \u00e0 investiga\u00e7\u00e3o cient\u00edfica como ao interesse recreativo pelos seus efeitos.<\/p>\n<h2 data-start=\"2126\" data-end=\"2159\">Como utilizar as sementes de morning glory<\/h2>\n<p data-start=\"2161\" data-end=\"3039\">As sementes de morning glory devem ser utilizadas com precau\u00e7\u00e3o devido aos seus potentes efeitos psicoactivos. O m\u00e9todo tradicional de consumo consiste em moer as sementes at\u00e9 obter um p\u00f3 fino, que \u00e9 depois mergulhado em \u00e1gua ou, de prefer\u00eancia, em \u00e1lcool. O \u00e1lcool ajuda a extrair os compostos psicoactivos de forma mais eficaz. Depois de embebidas, as sementes s\u00e3o normalmente consumidas com o est\u00f4mago vazio para obter os efeitos mais profundos. \u00c9 essencial come\u00e7ar com uma dose pequena e estar atento ao ambiente, pois a experi\u00eancia pode ser intensa e imprevis\u00edvel. Muitas pessoas relatam sentir uma introspe\u00e7\u00e3o elevada, pensamentos meditativos e at\u00e9 estados vision\u00e1rios. No entanto, devido \u00e0 possibilidade de efeitos secund\u00e1rios, como n\u00e1useas ou tonturas, recomenda-se que esteja num ambiente calmo e seguro e que evite distrac\u00e7\u00f5es. Certifique-se sempre de que se encontra num estado mental positivo antes de consumir estas sementes.<\/p>\n<h2 data-start=\"3046\" data-end=\"3083\">Ingredientes das sementes de morning glory<\/h2>\n<p data-start=\"3085\" data-end=\"3882\">O principal composto psicoativo encontrado nas sementes de morning glory \u00e9 a amida de \u00e1cido lis\u00e9rgico (LSA). O LSA \u00e9 quimicamente semelhante ao LSD mas \u00e9 menos potente. Este composto \u00e9 respons\u00e1vel pelos efeitos psicoactivos associados \u00e0s sementes, que podem incluir percep\u00e7\u00f5es alteradas, introspe\u00e7\u00e3o melhorada e experi\u00eancias vision\u00e1rias. Para al\u00e9m do LSA, as sementes de morning glory cont\u00eam outros compostos, como alcal\u00f3ides e amino\u00e1cidos, embora o LSA seja o principal ingrediente ativo. Estas sementes tamb\u00e9m cont\u00eam v\u00e1rias fibras vegetais e nutrientes essenciais, embora estes n\u00e3o sejam o foco dos seus efeitos psicoactivos. A concentra\u00e7\u00e3o de LSA nas sementes pode variar consoante as condi\u00e7\u00f5es de crescimento da planta e a estirpe espec\u00edfica, raz\u00e3o pela qual alguns lotes podem produzir experi\u00eancias mais fortes ou mais fracas do que outros.<\/p>\n<p data-start=\"3889\" data-end=\"4489\" data-is-last-node=\"\"><strong data-start=\"3889\" data-end=\"3901\">Aviso:<\/strong><br data-start=\"3901\" data-end=\"3904\" \/>O consumo de sementes de morning glory pode causar efeitos psicoactivos intensos. Estes efeitos podem variar consoante o indiv\u00edduo, o ambiente e a dosagem. \u00c9 essencial abordar o uso destas sementes com cautela e consci\u00eancia. Os potenciais efeitos secund\u00e1rios podem incluir n\u00e1useas, tonturas e perturba\u00e7\u00f5es psicol\u00f3gicas. Aconselha-se a utiliza\u00e7\u00e3o destas sementes num ambiente controlado e seguro. Mulheres gr\u00e1vidas, indiv\u00edduos com problemas de sa\u00fade mental ou que estejam a tomar medicamentos devem evitar o uso de sementes de morning glory. Certifica-te sempre de que est\u00e1s totalmente informado sobre os riscos potenciais antes de usares.<\/p>","protected":false},"excerpt":{"rendered":"<p>A Ipomoea Purpurea, vulgarmente conhecida como Morning Glory, \u00e9 uma planta cativante conhecida pelas suas deslumbrantes flores azul-p\u00farpura e pelas suas sementes psicoactivas. Estas sementes cont\u00eam Amida de \u00c1cido Lis\u00e9rgico (LSA), um composto semelhante ao LSD, que tem sido usado h\u00e1 s\u00e9culos pelas culturas ind\u00edgenas pelos seus efeitos de altera\u00e7\u00e3o da mente. Cont\u00e9m 300 sementes.<\/p>","protected":false},"featured_media":126159,"template":"","meta":[],"product_brand":[],"product_cat":[600,297,537,513,476],"product_tag":[],"class_list":{"0":"post-8508","1":"product","2":"type-product","3":"status-publish","4":"has-post-thumbnail","6":"product_cat-mcmystic","7":"product_cat-all-products","8":"product_cat-lsa-seeds","9":"product_cat-party","10":"product_cat-smartshop","11":"product_shipping_class-not-allowed-group-3","13":"first","14":"instock","15":"taxable","16":"shipping-taxable","17":"purchasable","18":"product-type-variable"},"_links":{"self":[{"href":"https:\/\/www.tatanka.nl\/pt\/wp-json\/wp\/v2\/product\/8508","targetHints":{"allow":["GET"]}}],"collection":[{"href":"https:\/\/www.tatanka.nl\/pt\/wp-json\/wp\/v2\/product"}],"about":[{"href":"https:\/\/www.tatanka.nl\/pt\/wp-json\/wp\/v2\/types\/product"}],"wp:featuredmedia":[{"embeddable":true,"href":"https:\/\/www.tatanka.nl\/pt\/wp-json\/wp\/v2\/media\/126159"}],"wp:attachment":[{"href":"https:\/\/www.tatanka.nl\/pt\/wp-json\/wp\/v2\/media?parent=8508"}],"wp:term":[{"taxonomy":"product_brand","embeddable":true,"href":"https:\/\/www.tatanka.nl\/pt\/wp-json\/wp\/v2\/product_brand?post=8508"},{"taxonomy":"product_cat","embeddable":true,"href":"https:\/\/www.tatanka.nl\/pt\/wp-json\/wp\/v2\/product_cat?post=8508"},{"taxonomy":"product_tag","embeddable":true,"href":"https:\/\/www.tatanka.nl\/pt\/wp-json\/wp\/v2\/product_tag?post=8508"}],"curies":[{"name":"wp","href":"https:\/\/api.w.org\/{rel}","templated":true}]}}