{"id":8513,"date":"2017-12-30T16:22:19","date_gmt":"2017-12-30T16:22:19","guid":{"rendered":"http:\/\/www.tatanka.nl\/?post_type=product&#038;p=8513"},"modified":"2025-10-16T07:58:44","modified_gmt":"2025-10-16T06:58:44","slug":"peyote-seeds","status":"publish","type":"product","link":"https:\/\/www.tatanka.nl\/pt\/peyote-seeds\/","title":{"rendered":"Sementes de cato peiote"},"content":{"rendered":"<h2 data-start=\"427\" data-end=\"476\">O que \u00e9 o Lophophora Williamsii - Cato Peiote?<\/h2>\n<p data-start=\"478\" data-end=\"1364\">O Lophophora Williamsii, vulgarmente designado por peiote, \u00e9 um pequeno cato sem espinhos, nativo dos desertos do M\u00e9xico e do sudoeste dos Estados Unidos. Conhecido pelos seus efeitos psicoactivos, o cato peiote cont\u00e9m mescalina, um composto natural que induz alucina\u00e7\u00f5es e estados alterados de consci\u00eancia. O peiote \u00e9 utilizado h\u00e1 s\u00e9culos nas cerim\u00f3nias espirituais e curativas dos nativos americanos. O cato \u00e9 tradicionalmente consumido cortando fatias da planta e comendo a carne crua, secando-a ou preparando-a em ch\u00e1. Os seus efeitos s\u00e3o profundamente introspectivos e s\u00e3o frequentemente descritos como coloridos e expansivos. O cato peiote tem um lugar importante na hist\u00f3ria bot\u00e2nica e espiritual, e pode agora ser cultivado em casa a partir de sementes. Apesar da sua apar\u00eancia humilde, o peiote \u00e9 conhecido pelos seus efeitos poderosos e duradouros na mente e no corpo.<\/p>\n<h2 data-start=\"1371\" data-end=\"1422\">Hist\u00f3ria de Lophophora Williamsii - Cato Peiote<\/h2>\n<p data-start=\"1424\" data-end=\"2361\">A hist\u00f3ria do Lophophora Williamsii remonta a milhares de anos, com a sua utiliza\u00e7\u00e3o por culturas ind\u00edgenas nas Am\u00e9ricas, particularmente entre as tribos nativas americanas do M\u00e9xico e do sudoeste dos Estados Unidos. O cato foi encontrado pela primeira vez por exploradores espanh\u00f3is durante as suas expedi\u00e7\u00f5es ao Novo Mundo. Os exploradores ficaram chocados com os efeitos psicoactivos da planta e consideraram frequentemente a utiliza\u00e7\u00e3o da planta pelos povos ind\u00edgenas como pag\u00e3 ou sat\u00e2nica. No entanto, com o passar do tempo, bot\u00e2nicos, m\u00e9dicos e farmacologistas come\u00e7aram a reconhecer os potenciais benef\u00edcios medicinais e espirituais do peiote. Pensa-se que os Aztecas foram dos primeiros a utilizar o peiote em cerim\u00f3nias religiosas, acreditando que o peiote os ligava aos seus deuses e oferecia conhecimentos profundos sobre a natureza da vida. A planta continuou a ser uma parte central de v\u00e1rias pr\u00e1ticas religiosas e culturais e continua a ser amplamente utilizada nas cerim\u00f3nias da Igreja Nativa Americana dos dias de hoje.<\/p>\n<h2 data-start=\"2368\" data-end=\"2419\">Como utilizar o Lophophora Williamsii - Cato Peiote<\/h2>\n<p data-start=\"2421\" data-end=\"3388\">A utiliza\u00e7\u00e3o da Lophophora Williamsii - cato peiote envolve a prepara\u00e7\u00e3o do cato de diferentes formas para experimentar os seus efeitos psicoactivos. O m\u00e9todo mais comum consiste em cortar fatias do cato e depois consumir a polpa crua, que tem um sabor amargo. Tamb\u00e9m \u00e9 poss\u00edvel secar o cato e utiliz\u00e1-lo de v\u00e1rias formas, como na comida ou como ch\u00e1. Ao ingerir o cato fresco, \u00e9 importante notar que os efeitos iniciais podem incluir n\u00e1useas e v\u00f3mitos devido ao seu amargor. No entanto, quando estes efeitos desaparecem ao fim de uma hora, os utilizadores t\u00eam uma experi\u00eancia psicad\u00e9lica poderosa que \u00e9 frequentemente descrita como uma viagem colorida e duradoura. Para os utilizadores principiantes, recomenda-se que comecem com uma pequena quantidade para avaliar a toler\u00e2ncia, e \u00e9 crucial evitar quaisquer actividades extenuantes, especialmente conduzir ou operar m\u00e1quinas, durante a experi\u00eancia. Tamb\u00e9m \u00e9 aconselh\u00e1vel evitar o peiote se tiver um historial de problemas de sa\u00fade mental, como ansiedade ou depress\u00e3o.<\/p>\n<h2 data-start=\"3395\" data-end=\"3450\">Ingredientes de Lophophora Williamsii - Cato Peiote<\/h2>\n<p data-start=\"3452\" data-end=\"4408\">O principal composto psicoativo encontrado no cato peiote (Lophophora Williamsii) \u00e9 a mescalina, um alcaloide natural que tem demonstrado induzir efeitos psicad\u00e9licos. A mescalina encontra-se principalmente na polpa do cato, com a maior concentra\u00e7\u00e3o logo abaixo da pele. Este composto afecta os receptores de serotonina no c\u00e9rebro, o que leva a altera\u00e7\u00f5es na perce\u00e7\u00e3o, humor e consci\u00eancia. Embora o ingrediente principal seja a mescalina, o cato tamb\u00e9m cont\u00e9m v\u00e1rios outros compostos, incluindo alcal\u00f3ides que contribuem para os seus efeitos \u00fanicos. Para al\u00e9m das suas propriedades psicoactivas, o peiote tem sido estudado pelos seus potenciais benef\u00edcios medicinais, tais como a sua capacidade de aliviar a dor, promover a perce\u00e7\u00e3o espiritual e ajudar no tratamento da depend\u00eancia. Embora o uso do peiote seja legalmente restrito em muitos pa\u00edses, o seu significado em contextos religiosos e culturais continua a ser importante, particularmente entre as comunidades nativas americanas.<\/p>\n<p data-start=\"4415\" data-end=\"4427\"><strong data-start=\"4415\" data-end=\"4427\">Aviso:<\/strong><\/p>\n<p data-start=\"4429\" data-end=\"4970\" data-is-last-node=\"\">O peiote pode causar fortes efeitos psicol\u00f3gicos, incluindo alucina\u00e7\u00f5es intensas. Pode provocar n\u00e1useas, v\u00f3mitos e outros desconfortos f\u00edsicos, sobretudo em utilizadores inexperientes. Recomenda-se que a utiliza\u00e7\u00e3o deste cato seja feita com precau\u00e7\u00e3o. Evita o uso do peiote se tiveres um historial de problemas de sa\u00fade mental como depress\u00e3o, ansiedade ou psicose. Certifica-te sempre de que est\u00e1s num ambiente seguro e controlado quando consomes peiote, e n\u00e3o te envolvas em actividades como conduzir ou operar m\u00e1quinas enquanto estiveres sob a sua influ\u00eancia.<\/p>","protected":false},"excerpt":{"rendered":"<p>O Lophophora Williamsii, vulgarmente conhecido como cato peiote, \u00e9 uma planta \u00fanica com uma hist\u00f3ria rica e propriedades psicoactivas. Conhecido pelo seu teor de mescalina, este cato \u00e9 utilizado h\u00e1 s\u00e9culos em pr\u00e1ticas espirituais e medicinais. Com a sua forma arredondada e sem agulhas, o cato peiote \u00e9 f\u00e1cil de cultivar em casa usando sementes, e oferece a oportunidade de experimentar os seus efeitos psicad\u00e9licos.<\/p>\n<p>Cultiva o teu pr\u00f3prio! Cont\u00e9m 10 sementes.<span style=\"color: #000000;\"><br \/>\n<\/span><\/p>","protected":false},"featured_media":126153,"template":"","meta":[],"product_brand":[],"product_cat":[536,297,600,513,476],"product_tag":[],"class_list":{"0":"post-8513","1":"product","2":"type-product","3":"status-publish","4":"has-post-thumbnail","6":"product_cat-mescaline-cacti","7":"product_cat-all-products","8":"product_cat-mcmystic","9":"product_cat-party","10":"product_cat-smartshop","11":"product_shipping_class-creditcard-off","13":"first","14":"instock","15":"taxable","16":"shipping-taxable","17":"purchasable","18":"product-type-variable"},"_links":{"self":[{"href":"https:\/\/www.tatanka.nl\/pt\/wp-json\/wp\/v2\/product\/8513","targetHints":{"allow":["GET"]}}],"collection":[{"href":"https:\/\/www.tatanka.nl\/pt\/wp-json\/wp\/v2\/product"}],"about":[{"href":"https:\/\/www.tatanka.nl\/pt\/wp-json\/wp\/v2\/types\/product"}],"wp:featuredmedia":[{"embeddable":true,"href":"https:\/\/www.tatanka.nl\/pt\/wp-json\/wp\/v2\/media\/126153"}],"wp:attachment":[{"href":"https:\/\/www.tatanka.nl\/pt\/wp-json\/wp\/v2\/media?parent=8513"}],"wp:term":[{"taxonomy":"product_brand","embeddable":true,"href":"https:\/\/www.tatanka.nl\/pt\/wp-json\/wp\/v2\/product_brand?post=8513"},{"taxonomy":"product_cat","embeddable":true,"href":"https:\/\/www.tatanka.nl\/pt\/wp-json\/wp\/v2\/product_cat?post=8513"},{"taxonomy":"product_tag","embeddable":true,"href":"https:\/\/www.tatanka.nl\/pt\/wp-json\/wp\/v2\/product_tag?post=8513"}],"curies":[{"name":"wp","href":"https:\/\/api.w.org\/{rel}","templated":true}]}}