{"id":8517,"date":"2017-12-30T16:46:37","date_gmt":"2017-12-30T16:46:37","guid":{"rendered":"http:\/\/www.tatanka.nl\/?post_type=product&#038;p=8517"},"modified":"2025-10-16T07:58:43","modified_gmt":"2025-10-16T06:58:43","slug":"san-pedro-trichocereus-bridgesii-seeds","status":"publish","type":"product","link":"https:\/\/www.tatanka.nl\/pt\/san-pedro-trichocereus-bridgesii-seeds\/","title":{"rendered":"San Pedro Sementes de Bridgesii"},"content":{"rendered":"<h2 data-pm-slice=\"1 1 []\">O que \u00e9 o Trichocereus Bridgesii?<\/h2>\n<p>O <strong>Trichocereus Bridgesii - cato San Pedro<\/strong> \u00e9 um membro menos conhecido do g\u00e9nero Trichocereus. Reconhecida pela sua forma alta e colunar e pelas suas cristas distintas, tornou-se uma planta muito procurada pelos coleccionadores. Embora contenha menores quantidades de mescalina do que outras esp\u00e9cies de Trichocereus, os seus efeitos continuam a ser valorizados pelas suas melhorias sensoriais, incluindo experi\u00eancias visuais v\u00edvidas.<\/p>\n<p>Botanicamente reclassificada como <strong>Echinopsis Lageniformis<\/strong>Este cato \u00e9 tamb\u00e9m vulgarmente designado por \"planta-p\u00e9nis\" devido \u00e0 sua forma \u00fanica. Apesar da sua reputa\u00e7\u00e3o psicad\u00e9lica, \u00e9 muito apreciado como planta ornamental. Muitos entusiastas cultivam-na n\u00e3o s\u00f3 pelo seu atrativo est\u00e9tico, mas tamb\u00e9m pelo seu significado cultural nas pr\u00e1ticas medicinais tradicionais.<\/p>\n<div><\/div>\n<h2>Hist\u00f3ria de Trichocereus Bridgesii<\/h2>\n<p>As origens da <strong>Trichocereus Bridgesii - cato San Pedro<\/strong> A sua origem remonta \u00e0 Bol\u00edvia, onde h\u00e1 muito \u00e9 utilizado pelas suas propriedades medicinais e espirituais. As culturas ind\u00edgenas t\u00eam incorporado historicamente este cato em rituais, valorizando os seus efeitos tanto para fins curativos como introspectivos.<\/p>\n<p>O nome \"San Pedro\" refere-se a S\u00e3o Pedro, o santo crist\u00e3o que se acredita ter as chaves do c\u00e9u. Isto sugere uma cren\u00e7a hist\u00f3rica de que o cato poderia desbloquear experi\u00eancias ou percep\u00e7\u00f5es profundas. Com o tempo, ganhou reconhecimento mundial, com v\u00e1rios cultivares desenvolvidos atrav\u00e9s de t\u00e9cnicas de clonagem para preservar os seus padr\u00f5es de crescimento mais carater\u00edsticos.<\/p>\n<p>Mesmo com a sua reclassifica\u00e7\u00e3o no g\u00e9nero Echinopsis, o nome tradicional Trichocereus Bridgesii continua a ser amplamente utilizado. Compreender a sua hist\u00f3ria oferece uma vis\u00e3o do significado cultural e bot\u00e2nico que fez deste cato um favorito duradouro.<\/p>\n<div><\/div>\n<h2>Como utilizar o Trichocereus Bridgesii<\/h2>\n<p>Cultivar <strong>Trichocereus Bridgesii - cato San Pedro<\/strong> \u00e9 uma experi\u00eancia gratificante tanto para principiantes como para cultivadores experientes. Pode ser cultivada no interior ou no exterior, desde que receba bastante luz solar. Embora se desenvolva bem ao sol direto, \u00e9 melhor coloc\u00e1-la num local onde tenha alguma sombra durante as partes mais quentes do dia.<\/p>\n<p>As sementes devem ser plantadas num solo bem drenado para evitar o apodrecimento das ra\u00edzes. Uma mistura de areia, perlite e mistura para vasos de cactos cria um meio de crescimento ideal. A germina\u00e7\u00e3o requer calor e humidade, mas quando o cato se estabelece, torna-se altamente resistente \u00e0 seca.<\/p>\n<p>A paci\u00eancia \u00e9 fundamental para o cultivo deste cato, uma vez que leva tempo a amadurecer. A rega regular mas moderada \u00e9 essencial, e \u00e9 melhor deixar o solo secar entre regas. Experimentar diferentes condi\u00e7\u00f5es de luz e de rega ajudar\u00e1 a determinar o ambiente ideal para o crescimento.<\/p>\n<div><\/div>\n<h2>Ingredientes de Trichocereus Bridgesii<\/h2>\n<p>O <strong>Trichocereus Bridgesii - cato San Pedro<\/strong> consiste principalmente em tecidos vegetais ricos em alcal\u00f3ides. Os principais compostos activos incluem:<\/p>\n<ul data-spread=\"false\">\n<li><strong>Mescalina (em baixas concentra\u00e7\u00f5es)<\/strong> - Uma subst\u00e2ncia psicoactiva que contribui para os efeitos sensoriais do cato.<\/li>\n<li><strong>Tiramina e Hordenina<\/strong> - Alcal\u00f3ides de ocorr\u00eancia natural que desempenham um papel na composi\u00e7\u00e3o qu\u00edmica da planta.<\/li>\n<li><strong>Celulose e tecidos fibrosos<\/strong> - Estes fornecem a integridade estrutural do cato, dando-lhe a sua forma colunar carater\u00edstica.<\/li>\n<\/ul>\n<p>Embora a planta contenha mescalina, os seus efeitos s\u00e3o considerados mais suaves em compara\u00e7\u00e3o com outras esp\u00e9cies como a Trichocereus Peruvianus. Isto torna-a uma escolha popular para aqueles que preferem uma experi\u00eancia sensorial mais subtil em vez de uma viagem psicad\u00e9lica intensa.<\/p>\n<div><\/div>\n<p><strong>Aviso<\/strong><br \/>\nEnquanto <strong>Trichocereus Bridgesii - cato San Pedro<\/strong> \u00e9 frequentemente cultivada para fins decorativos, mas algumas jurisdi\u00e7\u00f5es regulam a sua utiliza\u00e7\u00e3o devido ao seu teor de mescalina. Verifica sempre a legisla\u00e7\u00e3o local antes de cultivares ou usares esta planta para outros fins que n\u00e3o o cultivo ornamental.<\/p>\n<p>&nbsp;<\/p>","protected":false},"excerpt":{"rendered":"<p data-pm-slice=\"1 1 []\">Descubra o \u00fanico <strong>Trichocereus Bridgesii - cato San Pedro<\/strong>. Origin\u00e1rio da Bol\u00edvia, este cato distinto \u00e9 apreciado pelo seu apelo ornamental e pelos seus ligeiros efeitos psicad\u00e9licos. Quer seja cultivado no interior ou no exterior, prospera em condi\u00e7\u00f5es de sol e acrescenta uma presen\u00e7a marcante a qualquer cole\u00e7\u00e3o.<\/p>\n<p align=\"LEFT\">Cultiva o teu pr\u00f3prio! Cont\u00e9m 100 sementes. <span style=\"color: #000000;\"><br \/>\n<\/span><\/p>","protected":false},"featured_media":126151,"template":"","meta":[],"product_brand":[],"product_cat":[536,297,600,513,476],"product_tag":[],"class_list":{"0":"post-8517","1":"product","2":"type-product","3":"status-publish","4":"has-post-thumbnail","6":"product_cat-mescaline-cacti","7":"product_cat-all-products","8":"product_cat-mcmystic","9":"product_cat-party","10":"product_cat-smartshop","11":"product_shipping_class-creditcard-off","13":"first","14":"instock","15":"taxable","16":"shipping-taxable","17":"purchasable","18":"product-type-variable"},"_links":{"self":[{"href":"https:\/\/www.tatanka.nl\/pt\/wp-json\/wp\/v2\/product\/8517","targetHints":{"allow":["GET"]}}],"collection":[{"href":"https:\/\/www.tatanka.nl\/pt\/wp-json\/wp\/v2\/product"}],"about":[{"href":"https:\/\/www.tatanka.nl\/pt\/wp-json\/wp\/v2\/types\/product"}],"wp:featuredmedia":[{"embeddable":true,"href":"https:\/\/www.tatanka.nl\/pt\/wp-json\/wp\/v2\/media\/126151"}],"wp:attachment":[{"href":"https:\/\/www.tatanka.nl\/pt\/wp-json\/wp\/v2\/media?parent=8517"}],"wp:term":[{"taxonomy":"product_brand","embeddable":true,"href":"https:\/\/www.tatanka.nl\/pt\/wp-json\/wp\/v2\/product_brand?post=8517"},{"taxonomy":"product_cat","embeddable":true,"href":"https:\/\/www.tatanka.nl\/pt\/wp-json\/wp\/v2\/product_cat?post=8517"},{"taxonomy":"product_tag","embeddable":true,"href":"https:\/\/www.tatanka.nl\/pt\/wp-json\/wp\/v2\/product_tag?post=8517"}],"curies":[{"name":"wp","href":"https:\/\/api.w.org\/{rel}","templated":true}]}}