{"id":8529,"date":"2017-12-30T18:42:24","date_gmt":"2017-12-30T18:42:24","guid":{"rendered":"http:\/\/www.tatanka.nl\/?post_type=product&#038;p=8529"},"modified":"2025-06-04T15:46:33","modified_gmt":"2025-06-04T14:46:33","slug":"yopo-seeds","status":"publish","type":"product","link":"https:\/\/www.tatanka.nl\/pt\/yopo-seeds\/","title":{"rendered":"Sementes Yopo"},"content":{"rendered":"<h2 data-start=\"515\" data-end=\"559\">O que \u00e9 o Yopo (Anadenanthera Peregrina)?<\/h2>\n<p data-start=\"561\" data-end=\"980\">A Yopo, cientificamente conhecida como Anadenanthera Peregrina, \u00e9 uma planta nativa das Cara\u00edbas e da Am\u00e9rica do Sul. As suas sementes cont\u00eam compostos alucinog\u00e9nios naturais, incluindo DMT, o que as torna uma ferramenta poderosa para estados alterados de consci\u00eancia. As tribos ind\u00edgenas usam a Yopo h\u00e1 s\u00e9culos em rituais xam\u00e2nicos, muitas vezes como forma de obter uma vis\u00e3o espiritual, auto-consci\u00eancia ou mesmo vislumbres do futuro.<\/p>\n<p data-start=\"982\" data-end=\"1337\">Os efeitos psicoactivos das sementes de Yopo s\u00e3o intensos mas de dura\u00e7\u00e3o relativamente curta, durando normalmente cerca de 90 minutos. Os utilizadores experimentam frequentemente alucina\u00e7\u00f5es visuais v\u00edvidas, emo\u00e7\u00f5es intensas e uma sensa\u00e7\u00e3o de consci\u00eancia expandida. Devido \u00e0 sua pot\u00eancia, a Yopo \u00e9 recomendada para utilizadores experientes que estejam familiarizados com os seus efeitos e m\u00e9todos de prepara\u00e7\u00e3o adequados.<\/p>\n<p data-start=\"1339\" data-end=\"1624\">O Yopo \u00e9 utilizado principalmente como rap\u00e9, o que exige um tratamento cuidadoso das sementes. A prepara\u00e7\u00e3o tradicional consiste em torrar, moer e misturar as sementes com subst\u00e2ncias alcalinas antes de inalar o p\u00f3. Isto garante a pot\u00eancia total das propriedades psicoactivas da planta.<\/p>\n<h2 data-start=\"1633\" data-end=\"1679\">Hist\u00f3ria da Yopo (Anadenanthera Peregrina)<\/h2>\n<p data-start=\"1681\" data-end=\"2064\">O uso da Yopo remonta a milhares de anos, com provas que sugerem que foi utilizada por civiliza\u00e7\u00f5es antigas pelos seus benef\u00edcios psicoactivos e espirituais. Descobertas arqueol\u00f3gicas indicam que as primeiras culturas, incluindo os eg\u00edpcios, podem ter experimentado plantas semelhantes, embora o uso mais alargado tenha sido atribu\u00eddo aos incas e a outras tribos ind\u00edgenas da Am\u00e9rica do Sul.<\/p>\n<p data-start=\"2066\" data-end=\"2463\">Os Incas, assim como outros grupos nativos, consideravam o Yopo uma ferramenta sagrada para a explora\u00e7\u00e3o mental e emocional. Os xam\u00e3s utilizavam-no para entrar em estados alterados de consci\u00eancia, onde podiam adquirir sabedoria, prever acontecimentos futuros ou comunicar com os esp\u00edritos. As cerim\u00f3nias que envolviam o Yopo eram frequentemente comunit\u00e1rias, sendo os participantes guiados atrav\u00e9s da experi\u00eancia por um curandeiro experiente ou por um l\u00edder espiritual.<\/p>\n<p data-start=\"2465\" data-end=\"2828\">A prepara\u00e7\u00e3o tradicional das sementes de Yopo foi cuidadosamente aperfei\u00e7oada ao longo de gera\u00e7\u00f5es. As tribos ind\u00edgenas desenvolveram m\u00e9todos complexos de processamento das sementes para maximizar a sua pot\u00eancia e minimizar o potencial desconforto. Ainda hoje, a Yopo continua a ser uma parte importante de alguns rituais tribais, particularmente entre as culturas que mant\u00eam as suas tradi\u00e7\u00f5es espirituais antigas.<\/p>\n<p data-start=\"2830\" data-end=\"3075\">Com o ressurgimento do interesse por subst\u00e2ncias psicoactivas naturais, a Yopo est\u00e1 agora a ser explorada por psiconautas modernos que procuram experi\u00eancias profundas. No entanto, continua a ser uma subst\u00e2ncia poderosa e complexa que requer um manuseamento cuidadoso e respeito.<\/p>\n<h2 data-start=\"3084\" data-end=\"3130\">Como utilizar o Yopo (Anadenanthera Peregrina)<\/h2>\n<p data-start=\"3132\" data-end=\"3389\">As sementes de Yopo s\u00e3o mais frequentemente utilizadas como rap\u00e9, uma pr\u00e1tica que remonta a s\u00e9culos entre as tribos ind\u00edgenas da Am\u00e9rica do Sul. No entanto, as sementes t\u00eam de ser submetidas a um processo de prepara\u00e7\u00e3o espec\u00edfico para aumentar a sua pot\u00eancia e torn\u00e1-las adequadas para inala\u00e7\u00e3o.<\/p>\n<p data-start=\"3391\" data-end=\"3439\">O m\u00e9todo tradicional envolve v\u00e1rias etapas:<\/p>\n<ol data-start=\"3441\" data-end=\"3929\">\n<li data-start=\"3441\" data-end=\"3499\">As sementes s\u00e3o primeiro limpas para remover quaisquer impurezas.<\/li>\n<li data-start=\"3500\" data-end=\"3595\">Em seguida, s\u00e3o assados numa frigideira quente at\u00e9 que a casca exterior se parta e possa ser facilmente removida.<\/li>\n<li data-start=\"3596\" data-end=\"3650\">As sementes s\u00e3o deixadas a secar at\u00e9 ficarem duras.<\/li>\n<li data-start=\"3651\" data-end=\"3705\">Depois de secas, s\u00e3o finamente mo\u00eddas at\u00e9 se transformarem em p\u00f3.<\/li>\n<li data-start=\"3706\" data-end=\"3848\">Este p\u00f3 \u00e9 depois misturado com subst\u00e2ncias alcalinas, como o bicarbonato de s\u00f3dio ou a cal, e combinado com uma pequena quantidade de \u00e1gua para formar uma pasta.<\/li>\n<li data-start=\"3849\" data-end=\"3929\">A pasta \u00e9 novamente seca e depois mo\u00edda at\u00e9 se tornar um p\u00f3 fino para inala\u00e7\u00e3o.<\/li>\n<\/ol>\n<p data-start=\"3931\" data-end=\"4245\">Quando usada, os efeitos da Yopo podem ser sentidos mesmo com uma pequena dose de 1-3 sementes. Quantidades maiores produzem uma experi\u00eancia mais intensa, muitas vezes descrita como profundamente imersiva e vision\u00e1ria. Devido \u00e0 sua pot\u00eancia, os utilizadores principiantes s\u00e3o aconselhados a come\u00e7ar com a dose mais baixa poss\u00edvel e a aumentar gradualmente com base na experi\u00eancia.<\/p>\n<p data-start=\"4247\" data-end=\"4396\">Para al\u00e9m da inala\u00e7\u00e3o, as sementes de Yopo tamb\u00e9m t\u00eam sido utilizadas de v\u00e1rias formas experimentais, mas o rap\u00e9 continua a ser o m\u00e9todo mais eficaz e tradicional.<\/p>\n<p data-start=\"5353\" data-end=\"5927\" data-is-last-node=\"\"><strong data-start=\"5353\" data-end=\"5364\">Aviso<\/strong><br data-start=\"5364\" data-end=\"5367\" \/>O Yopo (Anadenanthera Peregrina) \u00e9 uma subst\u00e2ncia natural altamente potente que deve ser utilizada com precau\u00e7\u00e3o. N\u00e3o \u00e9 adequado para indiv\u00edduos com menos de 18 anos de idade. Mulheres gr\u00e1vidas ou a amamentar, indiv\u00edduos com doen\u00e7as subjacentes ou que estejam a tomar medicamentos devem consultar um profissional de sa\u00fade antes de usar. Uma prepara\u00e7\u00e3o incorrecta ou uma dosagem excessiva pode provocar n\u00e1useas, tonturas ou mal-estar. Este produto destina-se a utilizadores respons\u00e1veis com experi\u00eancia em subst\u00e2ncias psicoactivas. Guardar num local fresco e seco e manter fora do alcance das crian\u00e7as.<\/p>","protected":false},"excerpt":{"rendered":"<p>O Yopo (Anadenanthera Peregrina) \u00e9 uma planta tradicional sul-americana conhecida pelas suas propriedades psicoactivas. As sementes desta planta s\u00e3o usadas h\u00e1 s\u00e9culos pelas culturas ind\u00edgenas para experi\u00eancias espirituais e vision\u00e1rias. A Yopo proporciona um efeito poderoso e de curta dura\u00e7\u00e3o, normalmente cerca de 90 minutos, e \u00e9 frequentemente usada em ambientes ritual\u00edsticos ou introspectivos. Este produto natural \u00e9 ideal para quem procura explorar estados mentais e emocionais profundos de forma controlada.<\/p>","protected":false},"featured_media":126139,"template":"","meta":[],"product_brand":[],"product_cat":[600,297,537,513,476],"product_tag":[],"class_list":{"0":"post-8529","1":"product","2":"type-product","3":"status-publish","4":"has-post-thumbnail","6":"product_cat-mcmystic","7":"product_cat-all-products","8":"product_cat-lsa-seeds","9":"product_cat-party","10":"product_cat-smartshop","11":"product_shipping_class-not-allowed-group-3","13":"first","14":"instock","15":"taxable","16":"shipping-taxable","17":"purchasable","18":"product-type-variable"},"_links":{"self":[{"href":"https:\/\/www.tatanka.nl\/pt\/wp-json\/wp\/v2\/product\/8529","targetHints":{"allow":["GET"]}}],"collection":[{"href":"https:\/\/www.tatanka.nl\/pt\/wp-json\/wp\/v2\/product"}],"about":[{"href":"https:\/\/www.tatanka.nl\/pt\/wp-json\/wp\/v2\/types\/product"}],"wp:featuredmedia":[{"embeddable":true,"href":"https:\/\/www.tatanka.nl\/pt\/wp-json\/wp\/v2\/media\/126139"}],"wp:attachment":[{"href":"https:\/\/www.tatanka.nl\/pt\/wp-json\/wp\/v2\/media?parent=8529"}],"wp:term":[{"taxonomy":"product_brand","embeddable":true,"href":"https:\/\/www.tatanka.nl\/pt\/wp-json\/wp\/v2\/product_brand?post=8529"},{"taxonomy":"product_cat","embeddable":true,"href":"https:\/\/www.tatanka.nl\/pt\/wp-json\/wp\/v2\/product_cat?post=8529"},{"taxonomy":"product_tag","embeddable":true,"href":"https:\/\/www.tatanka.nl\/pt\/wp-json\/wp\/v2\/product_tag?post=8529"}],"curies":[{"name":"wp","href":"https:\/\/api.w.org\/{rel}","templated":true}]}}