{"id":8553,"date":"2018-01-05T13:45:17","date_gmt":"2018-01-05T13:45:17","guid":{"rendered":"http:\/\/www.tatanka.nl\/?post_type=product&#038;p=8553"},"modified":"2025-05-20T10:57:45","modified_gmt":"2025-05-20T09:57:45","slug":"kanna-5-grams","status":"publish","type":"product","link":"https:\/\/www.tatanka.nl\/pt\/kanna-5-grams\/","title":{"rendered":"Kanna P\u00f3"},"content":{"rendered":"<h2 class=\"\" data-start=\"94\" data-end=\"111\">O que \u00e9 o Kanna?<\/h2>\n<p class=\"\" data-start=\"113\" data-end=\"548\">Kanna, cientificamente conhecido como <em data-start=\"144\" data-end=\"165\">Sceletium tortuosum<\/em>\u00e9 uma planta suculenta origin\u00e1ria da \u00c1frica do Sul. Tem sido tradicionalmente utilizada pelo povo ind\u00edgena Khoisan pelas suas propriedades calmantes e de melhoria do humor. Conhecido pela sua capacidade de aliviar o stress e promover o bem-estar emocional, o Kanna tornou-se um suplemento natural popular em todo o mundo. Ao contr\u00e1rio de alguns relaxantes, o Kanna promove normalmente a tranquilidade sem causar sonol\u00eancia.<\/p>\n<p class=\"\" data-start=\"550\" data-end=\"890\">A planta actua principalmente influenciando o sistema de serotonina do corpo, produzindo uma sensa\u00e7\u00e3o suave de euforia e relaxamento. Muitos utilizadores relatam uma maior clareza mental e uma redu\u00e7\u00e3o da ansiedade social. Os efeitos da Kanna podem variar consoante o m\u00e9todo de consumo e a dosagem, indo desde uma calma subtil a uma sensa\u00e7\u00e3o de eleva\u00e7\u00e3o mais pronunciada.<\/p>\n<h2 class=\"\" data-start=\"897\" data-end=\"920\">A hist\u00f3ria do Kanna<\/h2>\n<p class=\"\" data-start=\"922\" data-end=\"1139\">A utiliza\u00e7\u00e3o do Kanna remonta a centenas de anos atr\u00e1s, \u00e0s tribos ind\u00edgenas da \u00c1frica do Sul, especialmente os Khoisan. Mastigavam, fermentavam ou preparavam as folhas da planta para combater o stress, elevar o humor e melhorar as experi\u00eancias sociais.<\/p>\n<p class=\"\" data-start=\"1141\" data-end=\"1402\">No s\u00e9culo XIX, os colonos e bot\u00e2nicos holandeses documentaram a Kanna e trouxeram-na para a Europa. Desde ent\u00e3o, a planta evoluiu de um rem\u00e9dio tradicional regional para um suplemento de ervas reconhecido mundialmente, com extractos refinados que oferecem benef\u00edcios concentrados.<\/p>\n<h2 class=\"\" data-start=\"1409\" data-end=\"1428\">Como utilizar o Kanna<\/h2>\n<p class=\"\" data-start=\"1430\" data-end=\"1525\">Existem v\u00e1rios m\u00e9todos de consumo do Kanna, cada um com efeitos e tempos de a\u00e7\u00e3o diferentes:<\/p>\n<ul data-start=\"1527\" data-end=\"1954\">\n<li class=\"\" data-start=\"1527\" data-end=\"1643\">\n<p class=\"\" data-start=\"1529\" data-end=\"1643\"><strong data-start=\"1529\" data-end=\"1540\">Mastiga\u00e7\u00e3o<\/strong>: O m\u00e9todo tradicional, em que as folhas secas ou o p\u00f3 s\u00e3o mastigados e mantidos na boca para serem absorvidos.<\/p>\n<\/li>\n<li class=\"\" data-start=\"1644\" data-end=\"1729\">\n<p class=\"\" data-start=\"1646\" data-end=\"1729\"><strong data-start=\"1646\" data-end=\"1653\">Ch\u00e1<\/strong>: A prepara\u00e7\u00e3o do Kanna num ch\u00e1 proporciona um efeito calmante mais lento e duradouro.<\/p>\n<\/li>\n<li class=\"\" data-start=\"1730\" data-end=\"1846\">\n<p class=\"\" data-start=\"1732\" data-end=\"1846\"><strong data-start=\"1732\" data-end=\"1744\">Snuffing<\/strong>: A inala\u00e7\u00e3o de p\u00f3 finamente mo\u00eddo leva a um in\u00edcio mais r\u00e1pido dos efeitos, embora este m\u00e9todo seja menos comum.<\/p>\n<\/li>\n<li class=\"\" data-start=\"1847\" data-end=\"1954\">\n<p class=\"\" data-start=\"1849\" data-end=\"1954\"><strong data-start=\"1849\" data-end=\"1861\">Extracts<\/strong>: Os extractos modernos oferecem efeitos potentes em doses mais pequenas, o que os torna populares pela sua conveni\u00eancia.<\/p>\n<\/li>\n<\/ul>\n<p class=\"\" data-start=\"1956\" data-end=\"2184\">Recomenda-se come\u00e7ar com uma dose baixa e ajustar gradualmente com base na sensibilidade pessoal. A combina\u00e7\u00e3o do Kanna com outras subst\u00e2ncias, particularmente as que afectam a serotonina, deve ser abordada com precau\u00e7\u00e3o ou totalmente evitada.<\/p>\n<h2 class=\"\" data-start=\"2191\" data-end=\"2221\">Ingredientes activos do Kanna<\/h2>\n<p class=\"\" data-start=\"2223\" data-end=\"2345\">O Kanna deve os seus efeitos a um grupo de alcal\u00f3ides que interagem com o sistema cerebral da serotonina. Os principais compostos incluem:<\/p>\n<ul data-start=\"2347\" data-end=\"2570\">\n<li class=\"\" data-start=\"2347\" data-end=\"2420\">\n<p class=\"\" data-start=\"2349\" data-end=\"2420\"><strong data-start=\"2349\" data-end=\"2363\">Mesembrina<\/strong>: Conhecido pelas suas propriedades de eleva\u00e7\u00e3o do humor e anti-ansiedade.<\/p>\n<\/li>\n<li class=\"\" data-start=\"2421\" data-end=\"2494\">\n<p class=\"\" data-start=\"2423\" data-end=\"2494\"><strong data-start=\"2423\" data-end=\"2439\">Mesembrenona<\/strong>: Ajuda a reduzir o stress e a melhorar a clareza mental.<\/p>\n<\/li>\n<li class=\"\" data-start=\"2495\" data-end=\"2570\">\n<p class=\"\" data-start=\"2497\" data-end=\"2570\"><strong data-start=\"2497\" data-end=\"2512\">Mesembrenol<\/strong>: Contribui para o efeito calmante global da planta.<\/p>\n<\/li>\n<\/ul>\n<p class=\"\" data-start=\"2572\" data-end=\"2803\">Estes compostos naturais proporcionam uma abordagem suave e equilibrada ao apoio do humor - oferecendo uma alternativa \u00e0 base de plantas aos relaxantes sint\u00e9ticos com menos riscos de efeitos secund\u00e1rios adversos. No entanto, \u00e9 essencial uma utiliza\u00e7\u00e3o respons\u00e1vel e informada.<\/p>\n<p data-start=\"2810\" data-end=\"2835\"><strong>Seguran\u00e7a e precau\u00e7\u00f5es<\/strong><\/p>\n<p class=\"\" data-start=\"2837\" data-end=\"3110\">Embora o Kanna seja geralmente bem tolerado, deve ser utilizado com cuidado. N\u00e3o o associar a antidepressivos ou a outros medicamentos que influenciem a serotonina, uma vez que tal pode conduzir a intera\u00e7\u00f5es prejudiciais. Al\u00e9m disso, as pessoas gr\u00e1vidas ou a amamentar devem evitar a utiliza\u00e7\u00e3o do Kanna.<\/p>\n<p class=\"\" data-start=\"3112\" data-end=\"3223\">Consulte sempre um profissional de sa\u00fade antes de introduzir o Kanna ou qualquer novo suplemento na sua rotina.<\/p>","protected":false},"excerpt":{"rendered":"<p><span style=\"color: #000000;\">Kanna <\/span><span style=\"color: #000000;\">O primeiro p\u00f3 tem efeitos energ\u00e9ticos ligeiros e estimulantes. Segue-se uma transi\u00e7\u00e3o para a estimula\u00e7\u00e3o e o relaxamento. Este p\u00f3 Kanna torna-te en\u00e9rgico, excitante e euf\u00f3rico em doses baixas e relaxado em doses altas.<br \/>\n<\/span><\/p>","protected":false},"featured_media":126902,"template":"","meta":[],"product_brand":[],"product_cat":[600,297,508,476],"product_tag":[],"class_list":{"0":"post-8553","1":"product","2":"type-product","3":"status-publish","4":"has-post-thumbnail","6":"product_cat-mcmystic","7":"product_cat-all-products","8":"product_cat-kanna","9":"product_cat-smartshop","11":"first","12":"instock","13":"taxable","14":"shipping-taxable","15":"purchasable","16":"product-type-simple"},"_links":{"self":[{"href":"https:\/\/www.tatanka.nl\/pt\/wp-json\/wp\/v2\/product\/8553","targetHints":{"allow":["GET"]}}],"collection":[{"href":"https:\/\/www.tatanka.nl\/pt\/wp-json\/wp\/v2\/product"}],"about":[{"href":"https:\/\/www.tatanka.nl\/pt\/wp-json\/wp\/v2\/types\/product"}],"wp:featuredmedia":[{"embeddable":true,"href":"https:\/\/www.tatanka.nl\/pt\/wp-json\/wp\/v2\/media\/126902"}],"wp:attachment":[{"href":"https:\/\/www.tatanka.nl\/pt\/wp-json\/wp\/v2\/media?parent=8553"}],"wp:term":[{"taxonomy":"product_brand","embeddable":true,"href":"https:\/\/www.tatanka.nl\/pt\/wp-json\/wp\/v2\/product_brand?post=8553"},{"taxonomy":"product_cat","embeddable":true,"href":"https:\/\/www.tatanka.nl\/pt\/wp-json\/wp\/v2\/product_cat?post=8553"},{"taxonomy":"product_tag","embeddable":true,"href":"https:\/\/www.tatanka.nl\/pt\/wp-json\/wp\/v2\/product_tag?post=8553"}],"curies":[{"name":"wp","href":"https:\/\/api.w.org\/{rel}","templated":true}]}}