{"id":8575,"date":"2018-01-05T15:56:39","date_gmt":"2018-01-05T15:56:39","guid":{"rendered":"http:\/\/www.tatanka.nl\/?post_type=product&#038;p=8575"},"modified":"2025-11-18T15:37:57","modified_gmt":"2025-11-18T14:37:57","slug":"mitragyna-hirsuta","status":"publish","type":"product","link":"https:\/\/www.tatanka.nl\/pt\/mitragyna-hirsuta\/","title":{"rendered":"Mitragyna Hirsuta"},"content":{"rendered":"<h2 data-pm-slice=\"1 1 []\">O que \u00e9 a Mitragyna Hirsuta?<\/h2>\n<p>A Mitragyna Hirsuta \u00e9 uma planta nativa do Sudeste Asi\u00e1tico, encontrada principalmente na Thail\u00e2ndia, Camboja e Vietname. Pertence \u00e0 mesma fam\u00edlia bot\u00e2nica que a Kratom (Mitragyna Speciosa), mas tem uma composi\u00e7\u00e3o qu\u00edmica diferente. Esta erva tem sido usada tradicionalmente pelos seus efeitos estimulantes e relaxantes suaves, o que a torna uma \u00f3ptima alternativa natural para quem procura um estimulante de humor equilibrado.<\/p>\n<p>A Mitragyna Hirsuta cont\u00e9m alcal\u00f3ides activos que interagem com os receptores do corpo para proporcionar uma experi\u00eancia calmante sem sobrecarregar os sentidos. Devido \u00e0s suas propriedades \u00fanicas, ganhou popularidade entre as pessoas que procuram uma forma natural de apoiar o seu bem-estar.<\/p>\n<div><\/div>\n<h2>Hist\u00f3ria da Mitragyna Hirsuta<\/h2>\n<p>Durante s\u00e9culos, a Mitragyna Hirsuta foi utilizada na medicina tradicional do Sudeste Asi\u00e1tico. As comunidades locais preparavam-lhe ch\u00e1 ou mastigavam as suas folhas para relaxar e manter a energia. Na Thail\u00e2ndia, onde a Kratom j\u00e1 foi fortemente regulamentada, a Mitragyna Hirsuta tornou-se uma alternativa preferida devido aos seus efeitos semelhantes, mas mais suaves.<\/p>\n<p>Com o tempo, a utiliza\u00e7\u00e3o desta planta expandiu-se para al\u00e9m das suas regi\u00f5es nativas, com os entusiastas das ervas no Ocidente a descobrirem os seus potenciais benef\u00edcios. Hoje em dia, a Mitragyna Hirsuta est\u00e1 amplamente dispon\u00edvel como suplemento natural e \u00e9 apreciada por pessoas que procuram um aumento suave de energia e relaxamento sem os riscos associados a alternativas mais fortes.<\/p>\n<div><\/div>\n<h2>Como utilizar Mitragyna Hirsuta<\/h2>\n<p>A Mitragyna Hirsuta \u00e9 normalmente consumida de v\u00e1rias formas, dependendo da prefer\u00eancia pessoal. O m\u00e9todo mais popular \u00e9 prepar\u00e1-la num ch\u00e1. Basta mergulhar 20 gramas da erva seca em \u00e1gua quente durante 10-15 minutos e desfrutar do seu sabor suave e terroso. Alguns utilizadores preferem mistur\u00e1-la com sumo ou batidos para disfar\u00e7ar o sabor a ervas.<\/p>\n<p>Para os que preferem uma abordagem mais tradicional, mastigar folhas secas ou usar formas em p\u00f3 \u00e9 tamb\u00e9m uma op\u00e7\u00e3o. Como os efeitos da Mitragyna Hirsuta s\u00e3o subtis, pode ser tomada durante o dia sem causar sonol\u00eancia excessiva, o que a torna ideal tanto para relaxar como para se concentrar.<\/p>\n<div><\/div>\n<h2>Ingredientes de Mitragyna Hirsuta<\/h2>\n<p>Este produto cont\u00e9m apenas um ingrediente natural: Mitragyna Hirsuta (Kra Thum Khok). \u00c9 100% vegan, n\u00e3o cont\u00e9m aditivos artificiais e prov\u00e9m diretamente da natureza.<\/p>\n<p>Indian Elements orgulha-se de oferecer produtos \u00e0 base de plantas de alta qualidade, garantindo a pureza e a pot\u00eancia em cada embalagem. Com a sua composi\u00e7\u00e3o completamente natural, a Mitragyna Hirsuta \u00e9 uma \u00f3ptima escolha para quem procura um suplemento de ervas limpo e simples.<\/p>\n<div><\/div>\n<p><strong>Aviso:<\/strong><br \/>\nEste produto destina-se a adultos (18+). Manter fora do alcance das crian\u00e7as. N\u00e3o uses Mitragyna Hirsuta em combina\u00e7\u00e3o com inibidores da MAO. N\u00e3o \u00e9 adequado para indiv\u00edduos com problemas renais ou card\u00edacos, tens\u00e3o arterial alta ou baixa, diabetes, ou sob a influ\u00eancia de medicamentos, drogas ou \u00e1lcool. Trata-se de um suplemento alimentar e deve ser utilizado em conformidade. N\u00e3o comprar ou consumir se o selo estiver quebrado.<\/p>\n<p><strong>Armazenamento:<\/strong><br \/>\nConservar num local escuro e seco para manter a frescura e a pot\u00eancia.<\/p>","protected":false},"excerpt":{"rendered":"<p data-pm-slice=\"1 1 []\">A Mitragyna Hirsuta, tamb\u00e9m conhecida como Kra Thum Khok, \u00e9 um suplemento natural de ervas conhecido pelos seus efeitos estimulantes e calmantes. Esta erva vers\u00e1til \u00e9 muito utilizada para relaxar e aumentar a energia, o que a torna uma escolha popular entre os entusiastas de suplementos naturais.<\/p>","protected":false},"featured_media":125969,"template":"","meta":[],"product_brand":[],"product_cat":[597,297,477,509,510,511,476],"product_tag":[],"class_list":{"0":"post-8575","1":"product","2":"type-product","3":"status-publish","4":"has-post-thumbnail","6":"product_cat-indian-elements","7":"product_cat-all-products","8":"product_cat-herbs","9":"product_cat-kratom","10":"product_cat-relax","11":"product_cat-relax-herbs","12":"product_cat-smartshop","13":"product_shipping_class-creditcard-off","15":"first","16":"instock","17":"taxable","18":"shipping-taxable","19":"purchasable","20":"product-type-variable"},"_links":{"self":[{"href":"https:\/\/www.tatanka.nl\/pt\/wp-json\/wp\/v2\/product\/8575","targetHints":{"allow":["GET"]}}],"collection":[{"href":"https:\/\/www.tatanka.nl\/pt\/wp-json\/wp\/v2\/product"}],"about":[{"href":"https:\/\/www.tatanka.nl\/pt\/wp-json\/wp\/v2\/types\/product"}],"wp:featuredmedia":[{"embeddable":true,"href":"https:\/\/www.tatanka.nl\/pt\/wp-json\/wp\/v2\/media\/125969"}],"wp:attachment":[{"href":"https:\/\/www.tatanka.nl\/pt\/wp-json\/wp\/v2\/media?parent=8575"}],"wp:term":[{"taxonomy":"product_brand","embeddable":true,"href":"https:\/\/www.tatanka.nl\/pt\/wp-json\/wp\/v2\/product_brand?post=8575"},{"taxonomy":"product_cat","embeddable":true,"href":"https:\/\/www.tatanka.nl\/pt\/wp-json\/wp\/v2\/product_cat?post=8575"},{"taxonomy":"product_tag","embeddable":true,"href":"https:\/\/www.tatanka.nl\/pt\/wp-json\/wp\/v2\/product_tag?post=8575"}],"curies":[{"name":"wp","href":"https:\/\/api.w.org\/{rel}","templated":true}]}}