{"id":8586,"date":"2018-01-05T17:08:56","date_gmt":"2018-01-05T17:08:56","guid":{"rendered":"http:\/\/www.tatanka.nl\/?post_type=product&#038;p=8586"},"modified":"2025-11-18T15:37:56","modified_gmt":"2025-11-18T14:37:56","slug":"kratom-15x-extract","status":"publish","type":"product","link":"https:\/\/www.tatanka.nl\/pt\/kratom-15x-extract\/","title":{"rendered":"Kratom Extrato de 15x"},"content":{"rendered":"<h2 data-start=\"414\" data-end=\"462\">O que \u00e9 o Thaise Mitragyna Speciosa - Kratom 15x?<\/h2>\n<p data-start=\"464\" data-end=\"951\">Thaise Mitragyna Speciosa - Kratom O extrato 15x \u00e9 uma forma concentrada de kratom derivada de folhas de Mitragyna Speciosa de alta qualidade encontradas em Thailand. Este extrato \u00e9 significativamente mais potente do que as folhas de kratom secas normais, o que o torna uma escolha eficaz para quem procura efeitos fortes e duradouros. O Kratom cont\u00e9m m\u00faltiplos alcal\u00f3ides activos, incluindo a mitragina e a 7-hidroximitragina, que interagem com o corpo para proporcionar uma combina\u00e7\u00e3o \u00fanica de estimula\u00e7\u00e3o e relaxamento.<\/p>\n<p data-start=\"953\" data-end=\"1401\">Os efeitos da Thaise Mitragyna Speciosa - Kratom dependem em grande parte da dosagem. Em doses mais baixas, \u00e9 conhecida por melhorar a concentra\u00e7\u00e3o, aumentar a energia e promover um estado de esp\u00edrito positivo. Em doses mais elevadas, \u00e9 mais indicada para relaxar e aliviar o stress. Devido \u00e0 sua forma concentrada, \u00e9 necess\u00e1ria apenas uma pequena quantidade para sentir todos os seus efeitos, o que a torna uma op\u00e7\u00e3o pr\u00e1tica para utilizadores experientes e principiantes que procuram uma experi\u00eancia eficaz com a kratom.<\/p>\n<h2 data-start=\"1410\" data-end=\"1460\">Hist\u00f3ria de Thaise Mitragyna Speciosa - Kratom 15x<\/h2>\n<p data-start=\"1462\" data-end=\"1886\">A hist\u00f3ria do uso da kratom remonta a s\u00e9culos no sudeste asi\u00e1tico, particularmente na Thailand, Indon\u00e9sia, e Mal\u00e1sia. Tradicionalmente, os trabalhadores e agricultores mastigavam as folhas cruas da \u00e1rvore Mitragyna Speciosa para combater a fadiga, aliviar a dor, e melhorar a resist\u00eancia durante as longas horas de trabalho. Com o tempo, a kratom tornou-se um elemento b\u00e1sico da medicina tradicional, usada para apoiar o relaxamento, promover o bem-estar e aumentar a clareza mental.<\/p>\n<p data-start=\"1888\" data-end=\"2323\">\u00c0 medida que a kratom ganhou popularidade fora da \u00c1sia, atraiu a aten\u00e7\u00e3o de investigadores e entusiastas de ervas. Isto levou ao desenvolvimento de extractos potentes como o Thaise Mitragyna Speciosa - Kratom 15x extract, concebido para produzir efeitos mais fortes em doses mais pequenas. A introdu\u00e7\u00e3o dos extractos de kratom permitiu aos utilizadores experimentarem os benef\u00edcios da kratom de forma mais eficiente, tornando-a mais f\u00e1cil de consumir, mantendo a sua pot\u00eancia natural.<\/p>\n<p data-start=\"2325\" data-end=\"2734\">Nos tempos modernos, a kratom tornou-se muito usada no Ocidente para v\u00e1rios fins, incluindo relaxamento, melhoria do humor, e at\u00e9 como alternativa natural para aumentar a energia. Muitos utilizadores apreciam a sua capacidade de proporcionar efeitos estimulantes e calmantes, dependendo da forma como \u00e9 consumida. O interesse cont\u00ednuo na kratom solidificou o seu lugar como um dos produtos bot\u00e2nicos mais procurados em todo o mundo.<\/p>\n<h2 data-start=\"2743\" data-end=\"2793\">Como utilizar Thaise Mitragyna Speciosa - Kratom 15x<\/h2>\n<p data-start=\"2795\" data-end=\"3158\">Devido \u00e0 sua elevada pot\u00eancia, o extrato Thaise Mitragyna Speciosa - Kratom 15x deve ser usado com cuidado. A forma mais comum de consumir este extrato \u00e9 preparando-o como ch\u00e1. Para fazeres ch\u00e1 de kratom, dissolve aproximadamente 0.2 gramas do extrato em \u00e1gua morna e mexe bem. Deixar em infus\u00e3o durante alguns minutos permite que os alcal\u00f3ides se libertem, melhorando a experi\u00eancia geral.<\/p>\n<p data-start=\"3160\" data-end=\"3529\">Para aqueles que n\u00e3o gostam do amargor natural da kratom, mistur\u00e1-la com sumos de fruta, como o sumo de laranja, pode ajudar a disfar\u00e7ar o sabor enquanto preserva os seus efeitos. Em doses baixas, a Thaise Mitragyna Speciosa - Kratom fornece um impulso energ\u00e9tico, tornando-a ideal para uso durante o dia. Quando tomado em doses mais elevadas, pode promover o relaxamento e pode ser adequado para uso noturno.<\/p>\n<p data-start=\"3531\" data-end=\"3881\">Os efeitos podem variar consoante a toler\u00e2ncia individual, o metabolismo e a qu\u00edmica corporal. Alguns utilizadores relatam um aumento da concentra\u00e7\u00e3o e da motiva\u00e7\u00e3o, enquanto outros apreciam a sua capacidade de aliviar o stress e apoiar uma sensa\u00e7\u00e3o de bem-estar. \u00c9 sempre aconselh\u00e1vel come\u00e7ar com uma dose baixa e ir ajustando gradualmente at\u00e9 encontrar a quantidade ideal que funciona melhor para as necessidades pessoais.<\/p>\n<h2 data-start=\"3890\" data-end=\"3944\">Ingredientes de Thaise Mitragyna Speciosa - Kratom 15x<\/h2>\n<p data-start=\"3946\" data-end=\"4258\">O extrato Thaise Mitragyna Speciosa - Kratom 15x \u00e9 feito a partir de uma mistura cuidadosamente selecionada de folhas de kratom, provenientes de \u00e1rvores de Mitragyna Speciosa de alta qualidade da Terra Thai. Este extrato cont\u00e9m uma quantidade concentrada de mitragina e 7-hidroximitragina, dois alcal\u00f3ides poderosos respons\u00e1veis pelos efeitos da kratom.<\/p>\n<p data-start=\"4260\" data-end=\"4606\">A mitragina \u00e9 o composto ativo prim\u00e1rio que contribui para as propriedades estimulantes e estimulantes do humor da kratom. Em pequenas quantidades, ajuda a promover o estado de alerta, a concentra\u00e7\u00e3o e o bem-estar geral. A 7-hidroximitragina, por outro lado, tem efeitos mais relaxantes e calmantes, o que pode ser ben\u00e9fico para quem procura al\u00edvio do stress ou relaxamento.<\/p>\n<p data-start=\"4608\" data-end=\"4999\">Ao contr\u00e1rio da kratom em p\u00f3 tradicional, este extrato 15x passa por um processo de extra\u00e7\u00e3o especializado que aumenta significativamente a sua pot\u00eancia. Por isso, os utilizadores precisam de doses muito mais pequenas em compara\u00e7\u00e3o com a kratom em p\u00f3 normal. Isto torna a Thaise Mitragyna Speciosa - Kratom uma escolha eficiente para quem procura experimentar todos os benef\u00edcios da kratom numa forma mais concentrada e conveniente.<\/p>\n<p data-start=\"5008\" data-end=\"5487\" data-is-last-node=\"\"><strong data-start=\"5008\" data-end=\"5019\">Aviso<\/strong><br data-start=\"5019\" data-end=\"5022\" \/>Thaise Mitragyna Speciosa - Kratom O extrato 15x \u00e9 um produto altamente concentrado e deve ser usado com responsabilidade. N\u00e3o \u00e9 adequado para pessoas com menos de 18 anos. Evita o consumo excessivo, pois doses elevadas podem provocar n\u00e1useas, tonturas ou boca seca. As mulheres gr\u00e1vidas ou a amamentar, as pessoas com problemas card\u00edacos ou as que tomam medicamentos devem consultar um profissional de sa\u00fade antes de utilizarem o produto. Conservar num local fresco e seco e manter fora do alcance das crian\u00e7as.<\/p>","protected":false},"excerpt":{"rendered":"<p>O extrato Thaise Mitragyna Speciosa - Kratom 15x \u00e9 uma mistura altamente potente de folhas de kratom Thai cuidadosamente selecionadas. Esta f\u00f3rmula concentrada \u00e9 aproximadamente 15 vezes mais forte do que as folhas de kratom secas tradicionais, produzindo efeitos f\u00edsicos e mentais poderosos. Conhecido pela sua versatilidade, este extrato pode fornecer propriedades energizantes e relaxantes, dependendo da dosagem.<\/p>","protected":false},"featured_media":126133,"template":"","meta":[],"product_brand":[],"product_cat":[600,297,512,477,509,510,511,476],"product_tag":[],"class_list":{"0":"post-8586","1":"product","2":"type-product","3":"status-publish","4":"has-post-thumbnail","6":"product_cat-mcmystic","7":"product_cat-all-products","8":"product_cat-extracts","9":"product_cat-herbs","10":"product_cat-kratom","11":"product_cat-relax","12":"product_cat-relax-herbs","13":"product_cat-smartshop","14":"product_shipping_class-creditcard-off","16":"first","17":"outofstock","18":"taxable","19":"shipping-taxable","20":"product-type-variable"},"_links":{"self":[{"href":"https:\/\/www.tatanka.nl\/pt\/wp-json\/wp\/v2\/product\/8586","targetHints":{"allow":["GET"]}}],"collection":[{"href":"https:\/\/www.tatanka.nl\/pt\/wp-json\/wp\/v2\/product"}],"about":[{"href":"https:\/\/www.tatanka.nl\/pt\/wp-json\/wp\/v2\/types\/product"}],"wp:featuredmedia":[{"embeddable":true,"href":"https:\/\/www.tatanka.nl\/pt\/wp-json\/wp\/v2\/media\/126133"}],"wp:attachment":[{"href":"https:\/\/www.tatanka.nl\/pt\/wp-json\/wp\/v2\/media?parent=8586"}],"wp:term":[{"taxonomy":"product_brand","embeddable":true,"href":"https:\/\/www.tatanka.nl\/pt\/wp-json\/wp\/v2\/product_brand?post=8586"},{"taxonomy":"product_cat","embeddable":true,"href":"https:\/\/www.tatanka.nl\/pt\/wp-json\/wp\/v2\/product_cat?post=8586"},{"taxonomy":"product_tag","embeddable":true,"href":"https:\/\/www.tatanka.nl\/pt\/wp-json\/wp\/v2\/product_tag?post=8586"}],"curies":[{"name":"wp","href":"https:\/\/api.w.org\/{rel}","templated":true}]}}