{"id":8636,"date":"2017-01-06T16:23:32","date_gmt":"2017-01-06T14:23:32","guid":{"rendered":"http:\/\/www.tatanka.nl\/?post_type=product&#038;p=8636"},"modified":"2026-03-31T15:20:46","modified_gmt":"2026-03-31T14:20:46","slug":"trip-stopper","status":"publish","type":"product","link":"https:\/\/www.tatanka.nl\/pt\/trip-stopper\/","title":{"rendered":"Bad Trip Stopper"},"content":{"rendered":"<h2 data-start=\"51\" data-end=\"77\">O que \u00e9 o Trip Stopper?<\/h2>\n<p data-start=\"78\" data-end=\"395\">Trip Stopper \u00e9 um suplemento especializado concebido para apoiar os indiv\u00edduos durante experi\u00eancias psicad\u00e9licas. Ajuda a promover a calma e reduz o desconforto ou a ansiedade que podem surgir durante uma viagem. Quer seja um novo utilizador de subst\u00e2ncias psicad\u00e9licas ou um utilizador experiente, Trip Stopper oferece uma forma de se sentir mais est\u00e1vel e em controlo.<\/p>\n<p data-start=\"397\" data-end=\"768\">Este suplemento n\u00e3o interrompe completamente uma viagem, mas ajuda os utilizadores a manterem-se no ch\u00e3o. Os comprimidos de dextrose fornecem energia r\u00e1pida e ajudam a estabilizar os n\u00edveis de a\u00e7\u00facar no sangue, enquanto as c\u00e1psulas de valeriana estimulam o relaxamento. Juntos, estes ingredientes ajudam a gerir as sensa\u00e7\u00f5es emocionais e f\u00edsicas que acompanham uma viagem psicad\u00e9lica, tornando os momentos dif\u00edceis mais f\u00e1ceis de ultrapassar.<\/p>\n<p data-start=\"770\" data-end=\"915\">Ao oferecer uma sensa\u00e7\u00e3o de controlo e estabilidade, o Trip Stopper \u00e9 um companheiro valioso para quem procura uma experi\u00eancia mais suave e mais f\u00e1cil de gerir.<\/p>\n<h2 data-start=\"917\" data-end=\"945\">Hist\u00f3ria do Trip Stopper<\/h2>\n<p data-start=\"946\" data-end=\"1343\">O Trip Stopper foi desenvolvido em resposta ao crescente interesse pelos psicad\u00e9licos e \u00e0 necessidade de apoio natural durante as viagens. \u00c0 medida que mais pessoas exploram os psicad\u00e9licos, a import\u00e2ncia de manter um ambiente equilibrado e seguro tornou-se amplamente reconhecida. Esta f\u00f3rmula, baseada em anos de investiga\u00e7\u00e3o, combina Dextrose e Valeriana - dois agentes naturais bem conhecidos para apoio energ\u00e9tico e relaxamento.<\/p>\n<p data-start=\"1345\" data-end=\"1684\">A valeriana \u00e9 utilizada h\u00e1 muito tempo na medicina herbal pelas suas propriedades calmantes, ajudando a reduzir o stress e a ansiedade. A dextrose, um a\u00e7\u00facar simples, proporciona um r\u00e1pido aumento de energia, o que \u00e9 particularmente \u00fatil durante experi\u00eancias psicad\u00e9licas intensas. Ao misturar estes dois ingredientes, o Trip Stopper oferece uma forma hol\u00edstica de gerir eficazmente as viagens.<\/p>\n<p data-start=\"1686\" data-end=\"1865\">Embora n\u00e3o possa eliminar os efeitos de uma viagem, o Trip Stopper tranquiliza e ajuda os utilizadores a manter a compostura, tornando-o uma ferramenta \u00fatil para navegar em experi\u00eancias psicad\u00e9licas.<\/p>\n<h2 data-start=\"1867\" data-end=\"1895\">Como utilizar o Trip Stopper<\/h2>\n<p data-start=\"1896\" data-end=\"1967\">O Trip Stopper \u00e9 f\u00e1cil de utilizar. Siga estes passos para obter os melhores resultados:<\/p>\n<ol data-start=\"1969\" data-end=\"2418\">\n<li data-start=\"1969\" data-end=\"2140\">Tomar <strong data-start=\"1977\" data-end=\"2001\">dois comprimidos de dextrose<\/strong> e deix\u00e1-los dissolver-se lentamente na boca. Isto assegura que o a\u00e7\u00facar \u00e9 absorvido eficazmente, ajudando a reduzir a intensidade da viagem.<\/li>\n<li data-start=\"2141\" data-end=\"2247\">Engolir o <strong data-start=\"2156\" data-end=\"2177\">C\u00e1psulas de valeriana<\/strong> com um grande copo de \u00e1gua para promover o relaxamento e aliviar a ansiedade.<\/li>\n<li data-start=\"2248\" data-end=\"2418\">Esperar por <strong data-start=\"2262\" data-end=\"2276\">10 minutos<\/strong> antes de comer algo s\u00f3lido, como uma fatia de p\u00e3o. Isto permite que os ingredientes fa\u00e7am efeito e estabiliza ainda mais os n\u00edveis de a\u00e7\u00facar no sangue.<\/li>\n<\/ol>\n<p data-start=\"2420\" data-end=\"2667\">Para obter os melhores resultados, tomar Trip Stopper numa <strong data-start=\"2464\" data-end=\"2499\">ambiente calmo e controlado<\/strong> onde se pode concentrar no relaxamento e na liga\u00e7\u00e3o \u00e0 terra. Quer seja um utilizador principiante ou experiente, estes passos simples ajud\u00e1-lo-\u00e3o a sentir-se mais preparado e em controlo.<\/p>\n<h2 data-start=\"2669\" data-end=\"2701\">Ingredientes de Trip Stopper<\/h2>\n<p data-start=\"2702\" data-end=\"2821\">Trip Stopper cont\u00e9m dois ingredientes chave que funcionam em conjunto para apoiar o corpo e a mente durante uma viagem psicad\u00e9lica:<\/p>\n<ul data-start=\"2823\" data-end=\"3248\">\n<li data-start=\"2823\" data-end=\"3022\"><strong data-start=\"2825\" data-end=\"2837\">Dextrose<\/strong> - Um a\u00e7\u00facar simples que fornece uma fonte de energia instant\u00e2nea, ajudando a equilibrar os n\u00edveis de a\u00e7\u00facar no sangue e a prevenir a fadiga. Isto ajuda a manter a concentra\u00e7\u00e3o e a aten\u00e7\u00e3o durante toda a experi\u00eancia.<\/li>\n<li data-start=\"3023\" data-end=\"3248\"><strong data-start=\"3025\" data-end=\"3037\">Valeriana<\/strong> - Um rem\u00e9dio natural \u00e0 base de plantas conhecido pelos seus efeitos calmantes. A valeriana \u00e9 utilizada h\u00e1 s\u00e9culos para reduzir a ansiedade e promover o relaxamento, o que a torna ideal para gerir os aspectos mentais e emocionais de uma viagem.<\/li>\n<\/ul>\n<p data-start=\"3250\" data-end=\"3511\">Juntos, estes ingredientes criam uma <strong data-start=\"3287\" data-end=\"3308\">solu\u00e7\u00e3o equilibrada<\/strong> para quem se sente sobrecarregado ou ansioso. Embora o Trip Stopper n\u00e3o interrompa completamente uma experi\u00eancia psicad\u00e9lica, ajuda a proporcionar uma sensa\u00e7\u00e3o de estabilidade e paz para uma viagem mais suave e mais f\u00e1cil de gerir.<\/p>\n<p data-start=\"3513\" data-end=\"3525\"><strong>Aviso<\/strong><\/p>\n<p data-start=\"3526\" data-end=\"3582\" data-is-last-node=\"\">Manter fora do alcance das crian\u00e7as. N\u00e3o se trata de um medicamento.<\/p>","protected":false},"excerpt":{"rendered":"<p>Tanto para principiantes como para experientes, a rolha de viagem pode ajudar a minimizar uma m\u00e1 viagem. Dentro de 20 a 30 minutos, a viagem tornar-se-\u00e1 menos intensa e, sabendo que pode parar a viagem, pode desfrutar mais da sua experi\u00eancia.<\/p>","protected":false},"featured_media":127320,"template":"","meta":[],"product_brand":[],"product_cat":[595,297,592,577,539,540,516,518,513,515,476,593,578],"product_tag":[662],"class_list":{"0":"post-8636","1":"product","2":"type-product","3":"status-publish","4":"has-post-thumbnail","6":"product_cat-mcsmart","7":"product_cat-all-products","8":"product_cat-beginner-magic-mushroom-grow-kits","9":"product_cat-beginner-magic-truffles","10":"product_cat-magic-mushroom-grow-kits","11":"product_cat-magic-mushroom-spore-syringes","12":"product_cat-magic-truffles","13":"product_cat-mushrooms","14":"product_cat-party","15":"product_cat-shroomshop","16":"product_cat-smartshop","17":"product_cat-strongest-magic-mushroom-grow-kits","18":"product_cat-strongest-magic-truffles","19":"product_tag-shrdeal","20":"product_shipping_class-creditcard-on","22":"first","23":"instock","24":"taxable","25":"shipping-taxable","26":"purchasable","27":"product-type-variable","28":"has-default-attributes"},"_links":{"self":[{"href":"https:\/\/www.tatanka.nl\/pt\/wp-json\/wp\/v2\/product\/8636","targetHints":{"allow":["GET"]}}],"collection":[{"href":"https:\/\/www.tatanka.nl\/pt\/wp-json\/wp\/v2\/product"}],"about":[{"href":"https:\/\/www.tatanka.nl\/pt\/wp-json\/wp\/v2\/types\/product"}],"wp:featuredmedia":[{"embeddable":true,"href":"https:\/\/www.tatanka.nl\/pt\/wp-json\/wp\/v2\/media\/127320"}],"wp:attachment":[{"href":"https:\/\/www.tatanka.nl\/pt\/wp-json\/wp\/v2\/media?parent=8636"}],"wp:term":[{"taxonomy":"product_brand","embeddable":true,"href":"https:\/\/www.tatanka.nl\/pt\/wp-json\/wp\/v2\/product_brand?post=8636"},{"taxonomy":"product_cat","embeddable":true,"href":"https:\/\/www.tatanka.nl\/pt\/wp-json\/wp\/v2\/product_cat?post=8636"},{"taxonomy":"product_tag","embeddable":true,"href":"https:\/\/www.tatanka.nl\/pt\/wp-json\/wp\/v2\/product_tag?post=8636"}],"curies":[{"name":"wp","href":"https:\/\/api.w.org\/{rel}","templated":true}]}}