{"id":8794,"date":"2018-01-10T16:17:21","date_gmt":"2018-01-10T16:17:21","guid":{"rendered":"http:\/\/www.tatanka.nl\/?post_type=product&#038;p=8794"},"modified":"2025-08-29T08:26:19","modified_gmt":"2025-08-29T07:26:19","slug":"ketamine-ez-test","status":"publish","type":"product","link":"https:\/\/www.tatanka.nl\/pt\/ketamine-ez-test\/","title":{"rendered":"Cetamina EZ-Test - Embalagem individual"},"content":{"rendered":"<h2 dir=\"ltr\" data-pm-slice=\"1 1 []\">O que \u00e9 o kit de teste de cetamina EZ-Test?<\/h2>\n<p dir=\"ltr\">O kit de teste de cetamina EZ-Test \u00e9 uma solu\u00e7\u00e3o de teste de utiliza\u00e7\u00e3o \u00fanica e f\u00e1cil de utilizar, concebida para identificar cetamina, MDMA, anfetaminas, PMA\/PMMA e outras subst\u00e2ncias psicoactivas como o 2-Amino-Indano em amostras. Cada kit cont\u00e9m uma ampola de vidro com um reagente qu\u00edmico absorvido em silicagel, produzindo uma mudan\u00e7a de cor quando uma amostra \u00e9 adicionada. O kit de teste de cetamina EZ-Test, baseado no reagente de Mandelin, inclui uma tabela de cores para comparar os resultados, oferecendo uma indica\u00e7\u00e3o r\u00e1pida e preliminar das subst\u00e2ncias. Ideal para a redu\u00e7\u00e3o de danos, este kit ajuda os utilizadores a evitar adulterantes perigosos que podem causar efeitos secund\u00e1rios graves. O seu processo simples de quatro passos garante a acessibilidade a todos os n\u00edveis de experi\u00eancia, apresentando resultados em segundos. O kit de teste de cetamina EZ-Test \u00e9 compacto e n\u00e3o requer equipamento especializado, o que o torna pr\u00e1tico para uso dom\u00e9stico. Como guia para a identifica\u00e7\u00e3o de subst\u00e2ncias, promove a seguran\u00e7a e a consciencializa\u00e7\u00e3o, oferecendo uma ferramenta fi\u00e1vel para verificar o conte\u00fado das amostras. Com o seu design eficaz, o Kit de Teste de Cetamina EZ-Test \u00e9 uma escolha fi\u00e1vel para quem procura garantir uma utiliza\u00e7\u00e3o mais segura de subst\u00e2ncias em ambientes recreativos, com enfoque na redu\u00e7\u00e3o de danos.<\/p>\n<h2 dir=\"ltr\">Hist\u00f3ria do kit de teste de cetamina EZ-Test<\/h2>\n<p dir=\"ltr\">O kit de despistagem de cetamina EZ-Test foi introduzido no in\u00edcio da d\u00e9cada de 2010, devido \u00e0 crescente preocupa\u00e7\u00e3o com subst\u00e2ncias adulteradas vendidas como ecstasy ou cetamina. A EZ-Test, uma marca dedicada a ferramentas de redu\u00e7\u00e3o de danos, desenvolveu este kit, utilizando o Reagente de Mandelin, para detetar cetamina, PMA\/PMMA e outras subst\u00e2ncias como MDMA e anfetaminas. O kit de teste de cetamina EZ-Test foi concebido para fazer face ao aumento de agentes de corte perigosos, oferecendo uma solu\u00e7\u00e3o de f\u00e1cil utiliza\u00e7\u00e3o para testes em casa. A sua capacidade de produzir altera\u00e7\u00f5es de cor distintas para v\u00e1rias subst\u00e2ncias tornou-o numa ferramenta pioneira. Com o tempo, o EZ-Test aperfei\u00e7oou a estabilidade do reagente e incluiu uma tabela de cores abrangente, melhorando a exatid\u00e3o e a facilidade de utiliza\u00e7\u00e3o. A popularidade do kit cresceu com o aumento do uso recreativo de subst\u00e2ncias, reflectindo a necessidade de ferramentas de seguran\u00e7a acess\u00edveis. O kit de teste de cetamina EZ-Test continua a ser um recurso vital na redu\u00e7\u00e3o de danos, proporcionando uma forma n\u00e3o invasiva de analisar amostras. A sua hist\u00f3ria evidencia um compromisso com a seguran\u00e7a do utilizador, oferecendo uma ferramenta pr\u00e1tica e eficaz para a dete\u00e7\u00e3o preliminar num formato compacto e acess\u00edvel que permite aos indiv\u00edduos fazer escolhas informadas, alinhando-se com a \u00eanfase crescente na redu\u00e7\u00e3o de danos na utiliza\u00e7\u00e3o de subst\u00e2ncias.<\/p>\n<h2 dir=\"ltr\">Como utilizar o kit de teste de cetamina EZ-Test<\/h2>\n<p dir=\"ltr\">A utiliza\u00e7\u00e3o do kit de teste de cetamina EZ-Test \u00e9 r\u00e1pida e direta, tendo sido concebido para testes seguros de subst\u00e2ncias em casa. Abra a ampola de vidro que cont\u00e9m o reagente qu\u00edmico, adicione uma pequena quantidade da sua amostra (comprimido ou p\u00f3), feche a tampa de pl\u00e1stico e agite bem durante alguns segundos. Observe a mudan\u00e7a de cor e compare-a com a tabela de cores inclu\u00edda para identificar potenciais subst\u00e2ncias como a cetamina, MDMA, anfetaminas ou PMA\/PMMA. Ap\u00f3s o teste, deitar fora a ampola e a amostra em seguran\u00e7a para evitar contamina\u00e7\u00e3o. Armazene o kit de teste de cetamina EZ-Test num local seco para manter a integridade do reagente. Para obter melhores resultados, utilizar apenas uma pequena amostra para garantir uma rea\u00e7\u00e3o clara. O kit de teste de cetamina EZ-Test \u00e9 uma ferramenta de rastreio preliminar e n\u00e3o um substituto para testes laboratoriais, pelo que deve interpretar os resultados com cautela. O seu processo de quatro passos - abrir, adicionar amostra, agitar e comparar - torna-o f\u00e1cil de utilizar, oferecendo uma forma fi\u00e1vel de verificar o conte\u00fado da subst\u00e2ncia. Este kit proporciona tranquilidade a quem procura evitar adulterantes nocivos, garantindo uma utiliza\u00e7\u00e3o mais segura da subst\u00e2ncia com um esfor\u00e7o m\u00ednimo num formato simples e eficaz.<\/p>\n<p dir=\"ltr\"><img loading=\"lazy\" decoding=\"async\" class=\"alignnone size-full wp-image-14594\" src=\"https:\/\/www.tatanka.nl\/wp-content\/uploads\/2018\/02\/Instructions-Drugtests.jpg\" alt=\"- Tatanka.nl\" width=\"710\" height=\"198\" title=\"- Tatanka.nl\" srcset=\"https:\/\/www.tatanka.nl\/wp-content\/uploads\/2018\/02\/Instructions-Drugtests.jpg 710w, https:\/\/www.tatanka.nl\/wp-content\/uploads\/2018\/02\/Instructions-Drugtests-420x117.jpg 420w, https:\/\/www.tatanka.nl\/wp-content\/uploads\/2018\/02\/Instructions-Drugtests-64x18.jpg 64w, https:\/\/www.tatanka.nl\/wp-content\/uploads\/2018\/02\/Instructions-Drugtests-600x167.jpg 600w\" sizes=\"auto, (max-width: 710px) 100vw, 710px\" \/><\/p>\n<h2 dir=\"ltr\">Ingredientes do kit de teste de cetamina EZ-Test<\/h2>\n<p dir=\"ltr\">O kit de teste de cetamina EZ-Test cont\u00e9m um reagente qu\u00edmico, baseado no reagente de Mandelin, absorvido em silicagel e alojado numa ampola de vidro de utiliza\u00e7\u00e3o \u00fanica. Este reagente, com uma cor de base amarelo-ouro, reage com as amostras para produzir uma mudan\u00e7a de cor, indicando a presen\u00e7a de subst\u00e2ncias como a cetamina, MDMA, anfetaminas, PMA\/PMMA ou 2-Amino-Indano. O silicagel funciona como um meio est\u00e1vel, garantindo um desempenho consistente para o teste. O kit inclui uma tampa de pl\u00e1stico para um manuseamento seguro e uma tabela de cores para compara\u00e7\u00e3o de resultados. A ampola de vidro foi concebida para evitar a contamina\u00e7\u00e3o e manter a pot\u00eancia do reagente. N\u00e3o est\u00e3o inclu\u00eddos quaisquer produtos qu\u00edmicos adicionais ou aditivos nocivos, garantindo que o kit de teste de cetamina EZ-Test \u00e9 seguro para o fim a que se destina, quando utilizado de acordo com as instru\u00e7\u00f5es. A embalagem, feita de materiais dur\u00e1veis, protege a ampola durante o armazenamento. Os componentes do kit s\u00e3o formulados para fornecer resultados fi\u00e1veis e preliminares sem necessidade de equipamento especializado. O design eficaz do Kit de Teste de Cetamina EZ-Test torna-o uma ferramenta de confian\u00e7a para os utilizadores que procuram despistar subst\u00e2ncias, oferecendo um m\u00e9todo claro e baseado em produtos qu\u00edmicos para a identifica\u00e7\u00e3o inicial num formato compacto e de f\u00e1cil utiliza\u00e7\u00e3o para a redu\u00e7\u00e3o de danos.<\/p>\n<p dir=\"ltr\"><strong>Aviso<\/strong><br \/>\nEliminar a ampola e a amostra de forma segura ap\u00f3s o teste. O kit de teste de cetamina EZ-Test \u00e9 um guia para a an\u00e1lise de subst\u00e2ncias e n\u00e3o um substituto para os testes laboratoriais. Evitar o contacto direto com o reagente e manter fora do alcance das crian\u00e7as. N\u00e3o pode ser vendido a menores.<\/p>","protected":false},"excerpt":{"rendered":"<p dir=\"ltr\" data-pm-slice=\"1 1 []\">O kit de teste de cetamina EZ-Test \u00e9 uma ferramenta r\u00e1pida e de utiliza\u00e7\u00e3o \u00fanica para a dete\u00e7\u00e3o de cetamina, MDMA, anfetaminas, PMA\/PMMA e outras subst\u00e2ncias em comprimidos ou em p\u00f3. Utilizando um reagente qu\u00edmico, proporciona uma mudan\u00e7a de cor para indicar o conte\u00fado, com uma tabela de cores inclu\u00edda.<\/p>\n<p><span style=\"color: #000000;\">\u00a0<\/span><\/p>","protected":false},"featured_media":13356,"template":"","meta":[],"product_brand":[],"product_cat":[543,297,488,476],"product_tag":[],"class_list":{"0":"post-8794","1":"product","2":"type-product","3":"status-publish","4":"has-post-thumbnail","6":"product_cat-drugtests","7":"product_cat-all-products","8":"product_cat-headshop","9":"product_cat-smartshop","10":"product_shipping_class-creditcard-on","12":"first","13":"instock","14":"taxable","15":"shipping-taxable","16":"purchasable","17":"product-type-variable","18":"has-default-attributes"},"_links":{"self":[{"href":"https:\/\/www.tatanka.nl\/pt\/wp-json\/wp\/v2\/product\/8794","targetHints":{"allow":["GET"]}}],"collection":[{"href":"https:\/\/www.tatanka.nl\/pt\/wp-json\/wp\/v2\/product"}],"about":[{"href":"https:\/\/www.tatanka.nl\/pt\/wp-json\/wp\/v2\/types\/product"}],"wp:featuredmedia":[{"embeddable":true,"href":"https:\/\/www.tatanka.nl\/pt\/wp-json\/wp\/v2\/media\/13356"}],"wp:attachment":[{"href":"https:\/\/www.tatanka.nl\/pt\/wp-json\/wp\/v2\/media?parent=8794"}],"wp:term":[{"taxonomy":"product_brand","embeddable":true,"href":"https:\/\/www.tatanka.nl\/pt\/wp-json\/wp\/v2\/product_brand?post=8794"},{"taxonomy":"product_cat","embeddable":true,"href":"https:\/\/www.tatanka.nl\/pt\/wp-json\/wp\/v2\/product_cat?post=8794"},{"taxonomy":"product_tag","embeddable":true,"href":"https:\/\/www.tatanka.nl\/pt\/wp-json\/wp\/v2\/product_tag?post=8794"}],"curies":[{"name":"wp","href":"https:\/\/api.w.org\/{rel}","templated":true}]}}