{"id":8812,"date":"2018-01-10T17:42:54","date_gmt":"2018-01-10T17:42:54","guid":{"rendered":"http:\/\/www.tatanka.nl\/?post_type=product&#038;p=8812"},"modified":"2025-07-29T15:24:11","modified_gmt":"2025-07-29T14:24:11","slug":"opiates-ez-test","status":"publish","type":"product","link":"https:\/\/www.tatanka.nl\/pt\/opiates-ez-test\/","title":{"rendered":"Opi\u00e1ceos EZ-Test - Uma embalagem"},"content":{"rendered":"<h2 dir=\"ltr\" data-pm-slice=\"1 1 []\">O que \u00e9 o Kit de Teste de Opi\u00e1ceos e Ecstasy EZ-Test?<\/h2>\n<p dir=\"ltr\">O Kit de Teste de Opi\u00e1ceos e Ecstasy EZ-Test \u00e9 uma solu\u00e7\u00e3o de teste de utiliza\u00e7\u00e3o simples e \u00fanica, concebida para identificar MDMA, opi\u00e1ceos, DXM e subst\u00e2ncias psicoactivas relacionadas, como 2C-T-xx, em comprimidos ou em p\u00f3. Cada kit cont\u00e9m uma ampola de vidro com um reagente qu\u00edmico absorvido em silicagel, que produz uma mudan\u00e7a de cor quando uma amostra \u00e9 adicionada. O kit de teste de opi\u00e1ceos e ecstasy EZ-Test inclui uma tabela de cores para comparar os resultados, oferecendo uma indica\u00e7\u00e3o r\u00e1pida e preliminar de subst\u00e2ncias como MDMA, MDA, oxicodona ou hero\u00edna. Ideal para a redu\u00e7\u00e3o de danos, este kit ajuda os utilizadores a evitar adulterantes perigosos que podem causar efeitos secund\u00e1rios graves. O seu processo simples de quatro passos garante a acessibilidade a todos os n\u00edveis de experi\u00eancia, apresentando resultados em segundos. O Kit de Teste de Opi\u00e1ceos e Ecstasy EZ-Test \u00e9 compacto e n\u00e3o requer equipamento especializado, o que o torna uma escolha pr\u00e1tica para utiliza\u00e7\u00e3o dom\u00e9stica. Como guia para a identifica\u00e7\u00e3o de subst\u00e2ncias, promove a seguran\u00e7a e a consciencializa\u00e7\u00e3o, oferecendo uma ferramenta fi\u00e1vel para quem procura verificar o conte\u00fado das suas amostras, garantindo decis\u00f5es informadas em ambientes recreativos.<\/p>\n<h2 dir=\"ltr\">Hist\u00f3ria do kit de despistagem de opi\u00e1ceos e ecstasy EZ-Test<\/h2>\n<p dir=\"ltr\">O kit de teste EZ-Test para opi\u00e1ceos e ecstasy foi introduzido no in\u00edcio dos anos 2000 como parte da gama pioneira de redu\u00e7\u00e3o de danos da EZ-Test. Desenvolvido para dar resposta ao problema crescente das subst\u00e2ncias adulteradas \u00e0 base de ecstasy e opi\u00e1ceos, este kit, conhecido como teste de Mecke, foi originalmente concebido para identificar hero\u00edna e morfina. A sua capacidade para detetar MDMA, DXM e compostos 2C-T-xx tornou-o uma ferramenta vers\u00e1til, levando \u00e0 sua ado\u00e7\u00e3o generalizada. O Kit de Teste de Opi\u00e1ceos e Ecstasy EZ-Test utilizava um reagente qu\u00edmico para produzir altera\u00e7\u00f5es de cor distintas, revolucionando os testes dom\u00e9sticos para n\u00e3o profissionais. Ao longo do tempo, o EZ-Test aperfei\u00e7oou a estabilidade do reagente e a tabela de cores do kit, aumentando a precis\u00e3o e a facilidade de utiliza\u00e7\u00e3o. A sua popularidade cresceu com o aumento do consumo de drogas recreativas e com a preocupa\u00e7\u00e3o com agentes de corte perigosos. O Kit de Teste de Opi\u00e1ceos e Ecstasy EZ-Test continua a ser uma pedra angular na redu\u00e7\u00e3o de danos, oferecendo uma forma n\u00e3o invasiva de despistar subst\u00e2ncias. A sua hist\u00f3ria reflecte um compromisso com a seguran\u00e7a do utilizador, fornecendo uma ferramenta pr\u00e1tica e eficaz para a dete\u00e7\u00e3o preliminar num formato compacto e de f\u00e1cil utiliza\u00e7\u00e3o que permite aos indiv\u00edduos fazer escolhas informadas, em conformidade com a \u00eanfase crescente na redu\u00e7\u00e3o de danos no consumo de subst\u00e2ncias.<\/p>\n<h2 dir=\"ltr\">Como utilizar o kit de teste de opi\u00e1ceos e ecstasy EZ-Test<\/h2>\n<p dir=\"ltr\">A utiliza\u00e7\u00e3o do Kit de Teste de Opi\u00e1ceos e Ecstasy EZ-Test \u00e9 r\u00e1pida e direta, tendo sido concebido para testes seguros de subst\u00e2ncias em casa. Abra a ampola de vidro que cont\u00e9m o reagente qu\u00edmico e, em seguida, adicione uma pequena quantidade da sua amostra (comprimido ou p\u00f3). Feche a tampa de pl\u00e1stico e agite bem durante alguns segundos para misturar. Observe a mudan\u00e7a de cor e compare-a com a tabela de cores inclu\u00edda para identificar potenciais subst\u00e2ncias como MDMA, opi\u00e1ceos, DXM ou 2C-T-xx. Ap\u00f3s o teste, elimine a ampola e a amostra de forma segura para evitar contamina\u00e7\u00e3o. Armazene o kit de teste de opi\u00e1ceos e ecstasy EZ-Test num local seco para manter a integridade do reagente. Para obter melhores resultados, utilize apenas uma pequena amostra para garantir uma rea\u00e7\u00e3o clara. O kit de teste de opi\u00e1ceos e ecstasy EZ-Test \u00e9 uma ferramenta de rastreio preliminar e n\u00e3o um substituto dos testes laboratoriais, pelo que os resultados devem ser interpretados com cautela. O seu processo simples de quatro passos - abrir, adicionar amostra, agitar e comparar - torna-o f\u00e1cil de utilizar, oferecendo uma forma fi\u00e1vel de verificar o conte\u00fado da subst\u00e2ncia, proporcionando tranquilidade a quem procura evitar adulterantes nocivos em subst\u00e2ncias recreativas.<\/p>\n<p dir=\"ltr\"><img loading=\"lazy\" decoding=\"async\" class=\"alignnone size-full wp-image-14594\" src=\"https:\/\/www.tatanka.nl\/wp-content\/uploads\/2018\/02\/Instructions-Drugtests.jpg\" alt=\"- Tatanka.nl\" width=\"710\" height=\"198\" title=\"- Tatanka.nl\" srcset=\"https:\/\/www.tatanka.nl\/wp-content\/uploads\/2018\/02\/Instructions-Drugtests.jpg 710w, https:\/\/www.tatanka.nl\/wp-content\/uploads\/2018\/02\/Instructions-Drugtests-420x117.jpg 420w, https:\/\/www.tatanka.nl\/wp-content\/uploads\/2018\/02\/Instructions-Drugtests-64x18.jpg 64w, https:\/\/www.tatanka.nl\/wp-content\/uploads\/2018\/02\/Instructions-Drugtests-600x167.jpg 600w\" sizes=\"auto, (max-width: 710px) 100vw, 710px\" \/><\/p>\n<h2 dir=\"ltr\">Ingredientes do kit de despistagem de opi\u00e1ceos e ecstasy EZ-Test<\/h2>\n<p dir=\"ltr\">O kit de despistagem de opi\u00e1ceos e ecstasy EZ-Test cont\u00e9m um reagente qu\u00edmico absorvido em silicagel, alojado numa ampola de vidro de utiliza\u00e7\u00e3o \u00fanica, concebido para detetar MDMA, opi\u00e1ceos, DXM e subst\u00e2ncias relacionadas, como 2C-T-xx. O reagente, parte do teste de Mecke, reage com a amostra para produzir uma mudan\u00e7a de cor, indicando a presen\u00e7a de compostos espec\u00edficos. O silicagel funciona como um meio est\u00e1vel, garantindo um desempenho consistente para o teste. O kit inclui uma tampa de pl\u00e1stico para um manuseamento seguro e uma tabela de cores para compara\u00e7\u00e3o de resultados. A ampola de vidro foi concebida para evitar a contamina\u00e7\u00e3o e manter a pot\u00eancia do reagente. N\u00e3o est\u00e3o inclu\u00eddos quaisquer produtos qu\u00edmicos adicionais ou aditivos nocivos, garantindo que o kit de teste EZ-Test Opiates and Ecstasy \u00e9 seguro para o fim a que se destina, quando utilizado de acordo com as instru\u00e7\u00f5es. A embalagem, feita de materiais dur\u00e1veis, protege a ampola durante o armazenamento. Os componentes do kit s\u00e3o formulados para fornecer resultados fi\u00e1veis e preliminares sem necessidade de equipamento especializado. O design eficaz do Kit de Teste de Opi\u00e1ceos e Ecstasy EZ-Test torna-o uma ferramenta de confian\u00e7a para os utilizadores que procuram despistar subst\u00e2ncias, oferecendo um m\u00e9todo claro e baseado em produtos qu\u00edmicos para identifica\u00e7\u00e3o inicial num formato compacto e de f\u00e1cil utiliza\u00e7\u00e3o para redu\u00e7\u00e3o de danos.<\/p>\n<p dir=\"ltr\"><strong>Aviso<\/strong><br \/>\nEliminar a ampola e a amostra de forma segura ap\u00f3s o teste. O Kit de Teste de Opi\u00e1ceos e Ecstasy EZ-Test \u00e9 um guia para a an\u00e1lise de subst\u00e2ncias e n\u00e3o um substituto para testes laboratoriais. Evitar o contacto direto com o reagente e manter fora do alcance das crian\u00e7as. N\u00e3o se destina \u00e0 venda a menores.<\/p>","protected":false},"excerpt":{"rendered":"<p dir=\"ltr\" data-pm-slice=\"1 1 []\">O Kit de Teste de Opi\u00e1ceos e Ecstasy EZ-Test \u00e9 uma ferramenta r\u00e1pida e de utiliza\u00e7\u00e3o \u00fanica para detetar MDMA, opi\u00e1ceos, DXM e subst\u00e2ncias relacionadas em comprimidos ou p\u00f3s. Utilizando um reagente qu\u00edmico, proporciona uma mudan\u00e7a de cor para identificar potenciais conte\u00fados, aumentando a seguran\u00e7a do utilizador.<\/p>","protected":false},"featured_media":13364,"template":"","meta":[],"product_brand":[],"product_cat":[543,297,488,476],"product_tag":[],"class_list":{"0":"post-8812","1":"product","2":"type-product","3":"status-publish","4":"has-post-thumbnail","6":"product_cat-drugtests","7":"product_cat-all-products","8":"product_cat-headshop","9":"product_cat-smartshop","10":"product_shipping_class-creditcard-on","12":"first","13":"instock","14":"taxable","15":"shipping-taxable","16":"purchasable","17":"product-type-variable","18":"has-default-attributes"},"_links":{"self":[{"href":"https:\/\/www.tatanka.nl\/pt\/wp-json\/wp\/v2\/product\/8812","targetHints":{"allow":["GET"]}}],"collection":[{"href":"https:\/\/www.tatanka.nl\/pt\/wp-json\/wp\/v2\/product"}],"about":[{"href":"https:\/\/www.tatanka.nl\/pt\/wp-json\/wp\/v2\/types\/product"}],"wp:featuredmedia":[{"embeddable":true,"href":"https:\/\/www.tatanka.nl\/pt\/wp-json\/wp\/v2\/media\/13364"}],"wp:attachment":[{"href":"https:\/\/www.tatanka.nl\/pt\/wp-json\/wp\/v2\/media?parent=8812"}],"wp:term":[{"taxonomy":"product_brand","embeddable":true,"href":"https:\/\/www.tatanka.nl\/pt\/wp-json\/wp\/v2\/product_brand?post=8812"},{"taxonomy":"product_cat","embeddable":true,"href":"https:\/\/www.tatanka.nl\/pt\/wp-json\/wp\/v2\/product_cat?post=8812"},{"taxonomy":"product_tag","embeddable":true,"href":"https:\/\/www.tatanka.nl\/pt\/wp-json\/wp\/v2\/product_tag?post=8812"}],"curies":[{"name":"wp","href":"https:\/\/api.w.org\/{rel}","templated":true}]}}