{"id":8989,"date":"2018-01-12T18:25:35","date_gmt":"2018-01-12T18:25:35","guid":{"rendered":"http:\/\/www.tatanka.nl\/?post_type=product&#038;p=8989"},"modified":"2025-05-20T10:36:58","modified_gmt":"2025-05-20T09:36:58","slug":"damiana-capsules-sex","status":"publish","type":"product","link":"https:\/\/www.tatanka.nl\/pt\/damiana-capsules-sex\/","title":{"rendered":"Damiana Capsules"},"content":{"rendered":"<h2 data-pm-slice=\"1 1 []\">O que \u00e9 a Damiana?<\/h2>\n<p>A Damiana \u00e9 um arbusto pequeno e arom\u00e1tico nativo da Am\u00e9rica Central e do Sul. Conhecida cientificamente como <strong>Turnera Diffusa<\/strong>Esta planta pertence \u00e0 fam\u00edlia das passiflor\u00e1ceas e \u00e9 reconhecida pelas suas flores amarelas brilhantes e pelas suas folhas verdes.<\/p>\n<p>Durante s\u00e9culos, as culturas ind\u00edgenas utilizaram a Damiana pelos seus benef\u00edcios naturais para a sa\u00fade, nomeadamente como potenciador da libido. Esta planta est\u00e1 frequentemente associada ao aumento do desejo sexual, \u00e0 melhoria da resist\u00eancia e ao bem-estar geral. Para al\u00e9m dos seus efeitos afrodis\u00edacos, a Damiana \u00e9 tamb\u00e9m apreciada pelas suas propriedades relaxantes suaves, que podem ajudar a reduzir o stress e a promover a clareza mental. Se est\u00e1 \u00e0 procura de uma forma natural de aumentar a energia, elevar o humor ou melhorar a intimidade, a Damiana pode ser o suplemento de ervas perfeito para si.<\/p>\n<h2>A hist\u00f3ria da Damiana<\/h2>\n<p>A utiliza\u00e7\u00e3o da Damiana remonta a centenas de anos, particularmente no M\u00e9xico e noutras partes da Am\u00e9rica Latina. As tribos ind\u00edgenas valorizavam muito esta planta pelas suas propriedades medicinais, utilizando-a para tratar v\u00e1rias doen\u00e7as f\u00edsicas e melhorar a sa\u00fade sexual.<\/p>\n<p>A Damiana tem sido tradicionalmente considerada como um afrodis\u00edaco potente, que se acredita estimular a libido, melhorar o desempenho sexual e aumentar as sensa\u00e7\u00f5es. As culturas antigas usavam a Damiana para preparar po\u00e7\u00f5es do amor e t\u00f3nicos \u00e0 base de ervas concebidos para apoiar a sa\u00fade reprodutiva e a vitalidade geral. Ao longo dos anos, esta planta manteve a sua reputa\u00e7\u00e3o e continua a ser amplamente utilizada na medicina herbal moderna. No M\u00e9xico, \u00e9 at\u00e9 infundida em certas bebidas alco\u00f3licas tradicionais, como as margaritas, para aumentar os seus efeitos. Com a sua longa hist\u00f3ria e os seus poderosos benef\u00edcios, a Damiana continua a ser um rem\u00e9dio herbal muito procurado por quem procura melhorar o seu bem-estar de forma natural.<\/p>\n<h2>Como utilizar a Damiana<\/h2>\n<p>A Damiana \u00e9 mais frequentemente consumida em forma de c\u00e1psula para uma dosagem f\u00e1cil e precisa. A dosagem recomendada \u00e9 <strong>uma c\u00e1psula por dose<\/strong>Tomada com um copo de \u00e1gua. Para obter resultados \u00f3ptimos, \u00e9 melhor incorporar a Damiana numa rotina de bem-estar consistente.<\/p>\n<p>Tanto os homens como as mulheres podem beneficiar das propriedades da Damiana. Enquanto alguns podem sentir os seus efeitos relativamente depressa, outros podem notar melhorias graduais ao longo do tempo. A Damiana tamb\u00e9m pode ser combinada com outros suplementos de ervas, como a Muira Puama, para aumentar os seus efeitos energizantes e afrodis\u00edacos.<\/p>\n<p>Para al\u00e9m de aumentar a libido, a Damiana \u00e9 frequentemente utilizada para promover o relaxamento, reduzir o stress e apoiar o bem-estar emocional. Os seus efeitos psicoactivos ligeiros s\u00e3o por vezes comparados aos da can\u00e1bis, proporcionando uma sensa\u00e7\u00e3o de calma sem intoxica\u00e7\u00e3o. Siga sempre a dosagem recomendada e consulte um profissional de sa\u00fade se tiver alguma d\u00favida sobre a sua utiliza\u00e7\u00e3o.<\/p>\n<h2>Ingredientes da Damiana<\/h2>\n<p>As c\u00e1psulas de Damiana da Indian Elements cont\u00eam apenas um ingrediente ativo:<\/p>\n<ul data-spread=\"false\">\n<li><strong>Turnera Diffusa<\/strong> (extrato de Damiana)<\/li>\n<\/ul>\n<p>Esta f\u00f3rmula pura e natural garante que recebe todos os benef\u00edcios da Damiana sem aditivos desnecess\u00e1rios. Indian Elements dedica-se a fornecer produtos \u00e0 base de plantas de alta qualidade que s\u00e3o <strong>100% natural e amigo do ambiente<\/strong>o que os torna uma \u00f3ptima escolha para quem procura solu\u00e7\u00f5es de bem-estar \u00e0 base de plantas.<\/p>\n<div><\/div>\n<p><strong>Aviso:<\/strong><br \/>\nEste produto destina-se a pessoas com idade <strong>18 anos ou mais<\/strong>. Manter fora do alcance das crian\u00e7as. Damiana n\u00e3o deve ser utilizada em combina\u00e7\u00e3o com <strong>Inibidores da MAO<\/strong>. Indiv\u00edduos com problemas renais ou card\u00edacos, tens\u00e3o arterial alta ou baixa, diabetes ou pessoas sob a influ\u00eancia de medicamentos, drogas ou \u00e1lcool devem evitar o uso. Este \u00e9 um suplemento alimentar e deve ser utilizado como tal. N\u00e3o utilizar se o selo estiver quebrado.<\/p>","protected":false},"excerpt":{"rendered":"<p data-pm-slice=\"1 1 []\">Experimente os benef\u00edcios naturais da Damiana! Este suplemento de ervas \u00fanico \u00e9 conhecido pelas suas propriedades energizantes e afrodis\u00edacas. Tradicionalmente utilizada h\u00e1 s\u00e9culos, a Damiana pode aumentar a libido, melhorar o humor e proporcionar um efeito ligeiramente relaxante. Agora dispon\u00edvel na conveniente forma de c\u00e1psula, tornando-a f\u00e1cil de incorporar na sua rotina di\u00e1ria.<\/p>","protected":false},"featured_media":125960,"template":"","meta":[],"product_brand":[],"product_cat":[597,297,531,576,383,476],"product_tag":[],"class_list":{"0":"post-8989","1":"product","2":"type-product","3":"status-publish","4":"has-post-thumbnail","6":"product_cat-indian-elements","7":"product_cat-all-products","8":"product_cat-aphrodisiacs","9":"product_cat-sex-products-for-couples","10":"product_cat-sex-shop","11":"product_cat-smartshop","13":"first","14":"instock","15":"taxable","16":"shipping-taxable","17":"purchasable","18":"product-type-variable"},"_links":{"self":[{"href":"https:\/\/www.tatanka.nl\/pt\/wp-json\/wp\/v2\/product\/8989","targetHints":{"allow":["GET"]}}],"collection":[{"href":"https:\/\/www.tatanka.nl\/pt\/wp-json\/wp\/v2\/product"}],"about":[{"href":"https:\/\/www.tatanka.nl\/pt\/wp-json\/wp\/v2\/types\/product"}],"wp:featuredmedia":[{"embeddable":true,"href":"https:\/\/www.tatanka.nl\/pt\/wp-json\/wp\/v2\/media\/125960"}],"wp:attachment":[{"href":"https:\/\/www.tatanka.nl\/pt\/wp-json\/wp\/v2\/media?parent=8989"}],"wp:term":[{"taxonomy":"product_brand","embeddable":true,"href":"https:\/\/www.tatanka.nl\/pt\/wp-json\/wp\/v2\/product_brand?post=8989"},{"taxonomy":"product_cat","embeddable":true,"href":"https:\/\/www.tatanka.nl\/pt\/wp-json\/wp\/v2\/product_cat?post=8989"},{"taxonomy":"product_tag","embeddable":true,"href":"https:\/\/www.tatanka.nl\/pt\/wp-json\/wp\/v2\/product_tag?post=8989"}],"curies":[{"name":"wp","href":"https:\/\/api.w.org\/{rel}","templated":true}]}}