{"id":8991,"date":"2018-01-12T18:32:37","date_gmt":"2018-01-12T18:32:37","guid":{"rendered":"http:\/\/www.tatanka.nl\/?post_type=product&#038;p=8991"},"modified":"2025-05-20T10:36:51","modified_gmt":"2025-05-20T09:36:51","slug":"muira-puama-capsules-sex","status":"publish","type":"product","link":"https:\/\/www.tatanka.nl\/pt\/muira-puama-capsules-sex\/","title":{"rendered":"Muira Puama Capsules"},"content":{"rendered":"<h2 data-pm-slice=\"1 1 []\">O que \u00e9 Muira Puama?<\/h2>\n<p>A Muira Puama \u00e9 uma \u00e1rvore tropical origin\u00e1ria da floresta amaz\u00f3nica no Brasil. A sua casca e ra\u00edzes t\u00eam sido tradicionalmente utilizadas por tribos ind\u00edgenas para v\u00e1rios benef\u00edcios de sa\u00fade, particularmente para melhorar o desempenho e o desejo sexual. Muitas vezes referida como \"Potency Wood\", a Muira Puama \u00e9 conhecida pelas suas propriedades afrodis\u00edacas e pela sua capacidade de aumentar os n\u00edveis de energia.<\/p>\n<p>Esta erva natural ganhou reconhecimento global pelos seus efeitos de aumento da libido, tornando-a um suplemento popular para quem procura melhorar as suas experi\u00eancias \u00edntimas. Para al\u00e9m do seu papel como estimulante sexual, a Muira Puama tamb\u00e9m \u00e9 valorizada pelos seus potenciais benef\u00edcios na redu\u00e7\u00e3o do stress e no apoio \u00e0 sa\u00fade das articula\u00e7\u00f5es. Quer esteja \u00e0 procura de aumentar a sua energia, aliviar a tens\u00e3o ou melhorar a sua vitalidade geral, a Muira Puama pode ser a solu\u00e7\u00e3o natural perfeita.<\/p>\n<h2>A hist\u00f3ria da Muira Puama<\/h2>\n<p>A Muira Puama tem uma longa hist\u00f3ria de utiliza\u00e7\u00e3o entre as tribos ind\u00edgenas da Amaz\u00f3nia. Durante s\u00e9culos, estas comunidades confiaram na casca e nas ra\u00edzes da \u00e1rvore para tratar v\u00e1rias doen\u00e7as, com um foco principal na melhoria da fun\u00e7\u00e3o e do desempenho sexual. Os xam\u00e3s e curandeiros da Amaz\u00f3nia t\u00eam usado a Muira Puama como um rem\u00e9dio natural para tratar a impot\u00eancia, a fadiga e as perturba\u00e7\u00f5es do sistema nervoso.<\/p>\n<p>Com o tempo, o conhecimento dos benef\u00edcios da Muira Puama espalhou-se para al\u00e9m da Am\u00e9rica do Sul. Exploradores e herboristas europeus interessaram-se pela planta durante o s\u00e9culo XIX, levando a mais investiga\u00e7\u00e3o sobre os seus efeitos. Atualmente, a Muira Puama \u00e9 amplamente utilizada em produtos naturais de sa\u00fade destinados a aumentar a libido, aumentar os n\u00edveis de energia e apoiar a fun\u00e7\u00e3o cognitiva. A sua reputa\u00e7\u00e3o como um afrodis\u00edaco potente continua forte, tornando-a um ingrediente b\u00e1sico em v\u00e1rias f\u00f3rmulas \u00e0 base de plantas concebidas para o melhoramento sexual.<\/p>\n<h2>Como utilizar a Muira Puama<\/h2>\n<p>A Muira Puama est\u00e1 mais frequentemente dispon\u00edvel em forma de c\u00e1psula para facilitar o consumo. A dose recomendada \u00e9 de uma c\u00e1psula por ingest\u00e3o, acompanhada por um copo de \u00e1gua. Para obter melhores resultados, \u00e9 aconselh\u00e1vel tomar o suplemento de forma consistente como parte de uma rotina di\u00e1ria de bem-estar.<\/p>\n<p>Este suplemento de ervas pode ser tomado tanto por homens como por mulheres que procuram uma forma natural de aumentar a libido e a vitalidade geral. Alguns indiv\u00edduos podem notar os seus efeitos num curto per\u00edodo de tempo, enquanto outros podem sentir melhorias graduais ao longo do tempo. A Muira Puama tamb\u00e9m \u00e9 conhecida por funcionar bem em combina\u00e7\u00e3o com outros suplementos de ervas, como a Damiana, para aumentar ainda mais os seus benef\u00edcios.<\/p>\n<p>Embora seja usada principalmente pelos seus efeitos afrodis\u00edacos, a Muira Puama tamb\u00e9m pode fornecer apoio adicional para quem lida com o stress ou um ligeiro desconforto nas articula\u00e7\u00f5es. Tal como acontece com qualquer suplemento, recomenda-se que siga a dosagem recomendada e consulte um profissional de sa\u00fade se tiver alguma d\u00favida sobre a sua utiliza\u00e7\u00e3o.<\/p>\n<h2>Ingredientes de Muira Puama<\/h2>\n<p>As c\u00e1psulas de Muira Puama da Indian Elements cont\u00eam apenas um ingrediente ativo:<\/p>\n<ul data-spread=\"false\">\n<li><strong>Ptychopetalum Olacoides<\/strong> (Extrato de Muira Puama)<\/li>\n<\/ul>\n<p>Esta f\u00f3rmula pura e natural garante que recebe os benef\u00edcios m\u00e1ximos da Muira Puama sem quaisquer aditivos desnecess\u00e1rios. Indian Elements est\u00e1 empenhada em fornecer produtos \u00e0 base de plantas de alta qualidade que s\u00e3o 100% naturais e veganos, tornando-os uma excelente escolha para quem procura solu\u00e7\u00f5es de bem-estar \u00e0 base de plantas.<\/p>\n<div><\/div>\n<p><strong>Aviso:<\/strong><br \/>\nEste produto destina-se a ser utilizado por pessoas com idade igual ou superior a 18 anos. Manter fora do alcance das crian\u00e7as. A Muira Puama \u00e9 um inibidor da MAO e n\u00e3o deve ser utilizada por indiv\u00edduos com problemas renais ou card\u00edacos, tens\u00e3o arterial alta ou baixa, diabetes ou sob a influ\u00eancia de medicamentos, drogas ou \u00e1lcool. Este \u00e9 um suplemento alimentar e deve ser usado como tal. N\u00e3o utilizar se o selo estiver quebrado.<\/p>","protected":false},"excerpt":{"rendered":"<p data-pm-slice=\"1 1 []\">Descubra o poder natural da Muira Puama! Este potente suplemento de ervas tem sido utilizado h\u00e1 s\u00e9culos para aumentar a libido, melhorar o desempenho sexual e apoiar o bem-estar geral. Perfeito para homens e mulheres, estas c\u00e1psulas f\u00e1ceis de tomar proporcionam um impulso natural para o corpo e a mente.<\/p>","protected":false},"featured_media":125957,"template":"","meta":[],"product_brand":[],"product_cat":[597,297,531,576,383,476],"product_tag":[],"class_list":{"0":"post-8991","1":"product","2":"type-product","3":"status-publish","4":"has-post-thumbnail","6":"product_cat-indian-elements","7":"product_cat-all-products","8":"product_cat-aphrodisiacs","9":"product_cat-sex-products-for-couples","10":"product_cat-sex-shop","11":"product_cat-smartshop","13":"first","14":"instock","15":"taxable","16":"shipping-taxable","17":"purchasable","18":"product-type-variable"},"_links":{"self":[{"href":"https:\/\/www.tatanka.nl\/pt\/wp-json\/wp\/v2\/product\/8991","targetHints":{"allow":["GET"]}}],"collection":[{"href":"https:\/\/www.tatanka.nl\/pt\/wp-json\/wp\/v2\/product"}],"about":[{"href":"https:\/\/www.tatanka.nl\/pt\/wp-json\/wp\/v2\/types\/product"}],"wp:featuredmedia":[{"embeddable":true,"href":"https:\/\/www.tatanka.nl\/pt\/wp-json\/wp\/v2\/media\/125957"}],"wp:attachment":[{"href":"https:\/\/www.tatanka.nl\/pt\/wp-json\/wp\/v2\/media?parent=8991"}],"wp:term":[{"taxonomy":"product_brand","embeddable":true,"href":"https:\/\/www.tatanka.nl\/pt\/wp-json\/wp\/v2\/product_brand?post=8991"},{"taxonomy":"product_cat","embeddable":true,"href":"https:\/\/www.tatanka.nl\/pt\/wp-json\/wp\/v2\/product_cat?post=8991"},{"taxonomy":"product_tag","embeddable":true,"href":"https:\/\/www.tatanka.nl\/pt\/wp-json\/wp\/v2\/product_tag?post=8991"}],"curies":[{"name":"wp","href":"https:\/\/api.w.org\/{rel}","templated":true}]}}