{"id":8999,"date":"2018-01-13T09:23:41","date_gmt":"2018-01-13T09:23:41","guid":{"rendered":"http:\/\/www.tatanka.nl\/?post_type=product&#038;p=8999"},"modified":"2025-05-20T10:35:58","modified_gmt":"2025-05-20T09:35:58","slug":"damiana-dried-herbs","status":"publish","type":"product","link":"https:\/\/www.tatanka.nl\/pt\/damiana-dried-herbs\/","title":{"rendered":"Damiana Herbs"},"content":{"rendered":"<h2>O que \u00e9 a Damiana?<\/h2>\n<p><strong>Damiana<\/strong> \u00e9 um arbusto nativo da Am\u00e9rica Central e do Sul, amplamente reconhecido pelos seus v\u00e1rios usos terap\u00eauticos. A erva pertence \u00e0 fam\u00edlia das Passifloraceae e caracteriza-se pelas suas flores amarelas e folhas verdes. A Damiana \u00e9 apreciada h\u00e1 muito tempo pelos seus efeitos no bem-estar sexual. Historicamente, a planta tem sido usada por culturas ind\u00edgenas no M\u00e9xico para aumentar a libido e melhorar o desempenho sexual. Tamb\u00e9m \u00e9 conhecida por ter propriedades psicoactivas suaves que promovem o relaxamento e uma sensa\u00e7\u00e3o de bem-estar, tal como uma forma suave de can\u00e1bis, embora sem o THC.<\/p>\n<p>A Damiana actua estimulando o sistema nervoso e promovendo um melhor fluxo sangu\u00edneo para as \u00e1reas genitais, o que pode contribuir para aumentar o desejo sexual e melhorar o desempenho. Embora esta erva tenha sido tradicionalmente consumida sob a forma de ch\u00e1 ou de folhas secas, hoje em dia tamb\u00e9m est\u00e1 dispon\u00edvel sob a forma de suplemento, tornando mais f\u00e1cil para as pessoas usufru\u00edrem dos seus benef\u00edcios de uma forma conveniente e direta.<\/p>\n<h2>Hist\u00f3ria da Damiana<\/h2>\n<p>A hist\u00f3ria da <strong>Damiana<\/strong> remonta a s\u00e9culos, com uma utiliza\u00e7\u00e3o significativa pelos povos ind\u00edgenas em todo o M\u00e9xico e nas regi\u00f5es mais amplas da Am\u00e9rica Central e do Sul. Era muito apreciada pelas culturas antigas, que utilizavam a planta para uma variedade de fins medicinais, incluindo a melhoria da sa\u00fade sexual e o tratamento de doen\u00e7as como a ansiedade, a depress\u00e3o e a fadiga. A reputa\u00e7\u00e3o da planta como afrodis\u00edaco estava bem estabelecida, e foi mesmo incorporada em rituais religiosos em algumas culturas nativas americanas.<\/p>\n<p>A import\u00e2ncia hist\u00f3rica da Damiana pode ser atribu\u00edda ao seu papel nas pr\u00e1ticas culturais, especialmente no M\u00e9xico, onde tem sido um elemento b\u00e1sico da medicina tradicional. Foi mesmo utilizada para fazer uma bebida alco\u00f3lica tradicional, o \"licor de Damiana\", que ainda hoje \u00e9 popular. Ao longo do tempo, a sua reputa\u00e7\u00e3o de aumentar a vitalidade sexual persistiu, com os utilizadores modernos a continuarem a recorrer \u00e0 erva para aumentar a libido e o bem-estar geral.<\/p>\n<p>Apesar dos s\u00e9culos de utiliza\u00e7\u00e3o, a popularidade da Damiana s\u00f3 come\u00e7ou a espalhar-se internacionalmente nos s\u00e9culos XIX e XX, \u00e0 medida que crescia o interesse pelos rem\u00e9dios naturais e pela medicina alternativa. Atualmente, ainda \u00e9 muito utilizada pelos seus alegados benef\u00edcios para a sa\u00fade, incluindo a sua capacidade de aumentar a energia e melhorar o desempenho sexual.<\/p>\n<h2>Como utilizar a Damiana<\/h2>\n<p>Existem v\u00e1rias formas de incorporar <strong>Damiana<\/strong> na sua rotina di\u00e1ria para colher os seus benef\u00edcios. O m\u00e9todo mais tradicional \u00e9 a prepara\u00e7\u00e3o de um ch\u00e1, que consiste em mergulhar as folhas secas da planta em \u00e1gua quente. Isto permite que os compostos activos da Damiana sejam libertados, proporcionando um efeito relaxante suave e promovendo a sa\u00fade sexual. O ch\u00e1 de Damiana pode ser apreciado sozinho ou combinado com outras ervas, como a Muira Puama, para uma experi\u00eancia melhorada.<\/p>\n<p>Em alternativa, a Damiana pode ser tomada sob a forma de suplemento, oferecendo uma op\u00e7\u00e3o mais conveniente para aqueles que preferem uma ingest\u00e3o r\u00e1pida e f\u00e1cil. \u00c9 importante respeitar a dose recomendada - normalmente 1 grama por dia - para que possa desfrutar dos efeitos energizantes e de aumento da libido da erva sem consumir em excesso. Como com qualquer suplemento, recomenda-se come\u00e7ar com uma dose mais baixa e aumentar gradualmente para avaliar a rea\u00e7\u00e3o do corpo.<\/p>\n<p>Para quem gosta do sabor dos ch\u00e1s de ervas, a Damiana pode ser combinada com outros ingredientes para criar uma bebida agrad\u00e1vel e ben\u00e9fica. Quer a utilize para descontrair ap\u00f3s um longo dia ou para se preparar para uma noite \u00edntima, esta erva \u00e9 flex\u00edvel e f\u00e1cil de incorporar no seu estilo de vida.<\/p>\n<h2>Ingredientes da Damiana<\/h2>\n<p>O ingrediente principal do <strong>Damiana<\/strong> \u00e9 a folha de <em>Turnera Diffusa<\/em>A folha de alface \u00e9 uma planta origin\u00e1ria da Am\u00e9rica Central e do Sul. As folhas desta planta s\u00e3o cuidadosamente colhidas e secas para preservar as suas propriedades naturais. Embora a erva seja amplamente reconhecida pelos seus efeitos afrodis\u00edacos, tamb\u00e9m cont\u00e9m compostos que se pensa promoverem o relaxamento, reduzirem a ansiedade e melhorarem o humor.<\/p>\n<p>Os constituintes activos da Damiana incluem flavon\u00f3ides, alcal\u00f3ides e \u00f3leos essenciais, que trabalham em conjunto para proporcionar uma s\u00e9rie de benef\u00edcios. Estes compostos t\u00eam efeitos estimulantes e relaxantes ligeiros no sistema nervoso, o que pode contribuir para melhorar a concentra\u00e7\u00e3o, aumentar a energia e uma melhor sensa\u00e7\u00e3o de bem-estar. Apesar dos seus efeitos psicoactivos, a Damiana n\u00e3o cont\u00e9m THC, o composto respons\u00e1vel pela \"moca\" associada \u00e0 marijuana, o que a torna uma alternativa segura para quem procura um estimulante suave do humor sem os efeitos intoxicantes.<\/p>\n<p><strong>Aviso:<\/strong><\/p>\n<p>Damiana s\u00f3 deve ser utilizada por indiv\u00edduos com mais de 18 anos de idade. Deve ser mantida fora do alcance das crian\u00e7as. As pessoas com problemas card\u00edacos ou renais, tens\u00e3o arterial alta ou baixa, diabetes, ou indiv\u00edduos que estejam sob a influ\u00eancia de medicamentos, drogas ou \u00e1lcool devem evitar o uso de Damiana. N\u00e3o deve ser tomada em combina\u00e7\u00e3o com inibidores da MAO. Como este produto \u00e9 um suplemento alimentar, deve ser utilizado como tal e n\u00e3o como substituto de uma dieta equilibrada. Verifica a integridade do selo da embalagem antes da utiliza\u00e7\u00e3o, pois o produto n\u00e3o deve ser consumido se o selo estiver quebrado.<\/p>","protected":false},"excerpt":{"rendered":"<p><span style=\"color: #000000;\">A erva do amor Damiana \u00e9 uma erva misteriosa com efeitos estimulantes da libido e psicoactivos. Relaxa e tem um efeito euf\u00f3rico. Esta erva seca de Damiana \u00e9 mais leve do que o extrato de Damiana 10x. Faz ch\u00e1 ou fuma-a.\u00a0 <\/span><\/p>","protected":false},"featured_media":125954,"template":"","meta":[],"product_brand":[],"product_cat":[597,297,531,576,573,383,476],"product_tag":[],"class_list":{"0":"post-8999","1":"product","2":"type-product","3":"status-publish","4":"has-post-thumbnail","6":"product_cat-indian-elements","7":"product_cat-all-products","8":"product_cat-aphrodisiacs","9":"product_cat-sex-products-for-couples","10":"product_cat-sex-products-top-10","11":"product_cat-sex-shop","12":"product_cat-smartshop","14":"first","15":"instock","16":"taxable","17":"shipping-taxable","18":"purchasable","19":"product-type-variable"},"_links":{"self":[{"href":"https:\/\/www.tatanka.nl\/pt\/wp-json\/wp\/v2\/product\/8999","targetHints":{"allow":["GET"]}}],"collection":[{"href":"https:\/\/www.tatanka.nl\/pt\/wp-json\/wp\/v2\/product"}],"about":[{"href":"https:\/\/www.tatanka.nl\/pt\/wp-json\/wp\/v2\/types\/product"}],"wp:featuredmedia":[{"embeddable":true,"href":"https:\/\/www.tatanka.nl\/pt\/wp-json\/wp\/v2\/media\/125954"}],"wp:attachment":[{"href":"https:\/\/www.tatanka.nl\/pt\/wp-json\/wp\/v2\/media?parent=8999"}],"wp:term":[{"taxonomy":"product_brand","embeddable":true,"href":"https:\/\/www.tatanka.nl\/pt\/wp-json\/wp\/v2\/product_brand?post=8999"},{"taxonomy":"product_cat","embeddable":true,"href":"https:\/\/www.tatanka.nl\/pt\/wp-json\/wp\/v2\/product_cat?post=8999"},{"taxonomy":"product_tag","embeddable":true,"href":"https:\/\/www.tatanka.nl\/pt\/wp-json\/wp\/v2\/product_tag?post=8999"}],"curies":[{"name":"wp","href":"https:\/\/api.w.org\/{rel}","templated":true}]}}